{"id":142,"date":"2014-03-21T09:50:35","date_gmt":"2014-03-21T08:50:35","guid":{"rendered":"http:\/\/montazkotlu.benekov.com\/?page_id=142"},"modified":"2014-03-26T00:06:11","modified_gmt":"2014-03-25T23:06:11","slug":"benekov-c51","status":"publish","type":"page","link":"https:\/\/montazkotlu.schiedek.cz\/?page_id=142","title":{"rendered":"BENEKOV C51"},"content":{"rendered":"<p><strong>\u00a0\u00a0<a href=\"http:\/\/montazkotlu.benekov.com\/wp-content\/uploads\/2014\/03\/BENEKOV_C51_ECONOMIX_Pohled_01____2013_09_211.png\"><img decoding=\"async\" loading=\"lazy\" class=\"alignleft size-medium wp-image-288\" alt=\"BENEKOV_C51_ECONOMIX_Pohled_01____2013_09_21\" src=\"http:\/\/montazkotlu.benekov.com\/wp-content\/uploads\/2014\/03\/BENEKOV_C51_ECONOMIX_Pohled_01____2013_09_211-300x240.png\" width=\"300\" height=\"240\" srcset=\"https:\/\/montazkotlu.schiedek.cz\/wp-content\/uploads\/2014\/03\/BENEKOV_C51_ECONOMIX_Pohled_01____2013_09_211-300x240.png 300w, https:\/\/montazkotlu.schiedek.cz\/wp-content\/uploads\/2014\/03\/BENEKOV_C51_ECONOMIX_Pohled_01____2013_09_211-1024x819.png 1024w, https:\/\/montazkotlu.schiedek.cz\/wp-content\/uploads\/2014\/03\/BENEKOV_C51_ECONOMIX_Pohled_01____2013_09_211.png 1500w\" sizes=\"(max-width: 300px) 100vw, 300px\" \/><\/a><strong>automatick\u00fd kotel na uhl\u00ed 4. t\u0159\u00eddy o v\u00fdkonu 49 kW<a href=\"http:\/\/montazkotlu.benekov.com\/wp-content\/uploads\/2014\/03\/BENEKOV_C51_ECONOMIX_Pohled_03____2013_09_211.png\"><img decoding=\"async\" loading=\"lazy\" class=\"alignright size-medium wp-image-289\" alt=\"BENEKOV_C51_ECONOMIX_Pohled_03____2013_09_21\" src=\"http:\/\/montazkotlu.benekov.com\/wp-content\/uploads\/2014\/03\/BENEKOV_C51_ECONOMIX_Pohled_03____2013_09_211-300x240.png\" width=\"300\" height=\"240\" srcset=\"https:\/\/montazkotlu.schiedek.cz\/wp-content\/uploads\/2014\/03\/BENEKOV_C51_ECONOMIX_Pohled_03____2013_09_211-300x240.png 300w, https:\/\/montazkotlu.schiedek.cz\/wp-content\/uploads\/2014\/03\/BENEKOV_C51_ECONOMIX_Pohled_03____2013_09_211-1024x819.png 1024w, https:\/\/montazkotlu.schiedek.cz\/wp-content\/uploads\/2014\/03\/BENEKOV_C51_ECONOMIX_Pohled_03____2013_09_211.png 1500w\" sizes=\"(max-width: 300px) 100vw, 300px\" \/><\/a><\/strong><\/strong><\/p>\n<table style=\"margin: 0; padding: 0; width: auto; font-size: 12px; line-height: 0.8;\">\n<tbody>\n<tr>\n<td>Jmenovit\u00fd v\u00fdkon<\/td>\n<td>49 kW<\/td>\n<\/tr>\n<tr>\n<td>Hmotnost<\/td>\n<td>710 kg<\/td>\n<\/tr>\n<tr>\n<td>Obsah z\u00e1sobn\u00edku paliva<\/td>\n<td>530 l<\/td>\n<\/tr>\n<tr>\n<td>\u00da\u010dinnost<\/td>\n<td>&lt; 91 %<\/td>\n<\/tr>\n<tr>\n<td>T\u0159\u00edda kotle dle normy \u010cSN EN 303-5<\/td>\n<td>4<\/td>\n<\/tr>\n<tr>\n<td>P\u0159\u00edkon<\/td>\n<td>69 W<\/td>\n<\/tr>\n<tr>\n<td>SVT<\/td>\n<td>SVT4241<\/td>\n<\/tr>\n<\/tbody>\n<\/table>\n<h3><strong>\u00a0\u00a0\u00a0\u00a0\u00a0\u00a0\u00a0 P\u0159ednosti kotle<\/strong><\/h3>\n<ul>\n<li>Kotel BENEKOV C51 lze pou\u017e\u00edt pro vyt\u00e1p\u011bn\u00ed v\u011bt\u0161\u00edch objekt\u016f, kancel\u00e1\u0159sk\u00fdch budov, obchod\u016f, \u0161kol, atd. jejich\u017e n\u00e1ro\u010dnost na tepeln\u00fd v\u00fdkon nep\u0159esahuje 49 kW. V p\u0159\u00edpad\u011b instalace kask\u00e1dy doporu\u010dujeme kombinaci maxim\u00e1ln\u011b 4 kotl\u016f, p\u0159i\u010dem\u017e lze dos\u00e1hnout v\u00fdkonu cca 200 kW.<\/li>\n<li>Mechanick\u00fd p\u0159\u00edsun paliva z vestav\u011bn\u00e9ho z\u00e1sobn\u00edku do spalovac\u00ed komory.<\/li>\n<li>Jednoduch\u00e1, \u010dasov\u011b nen\u00e1ro\u010dn\u00e1 obsluha a \u00fadr\u017eba.<\/li>\n<li>N\u00edzk\u00e9 provozn\u00ed n\u00e1klady.<\/li>\n<li>Velmi n\u00edzk\u00e1 emisn\u00ed z\u00e1t\u011b\u017e pro okol\u00ed odpov\u00eddaj\u00edc\u00ed 4. t\u0159\u00edd\u011b dle \u010cSN EN 303-5:2013<\/li>\n<li>3 &#8211; tahov\u00e1 konstrukce v\u00fdm\u011bn\u00edku zaru\u010duj\u00edc\u00ed vysokou \u00fa\u010dinnost.<\/li>\n<li>Modern\u00ed design. Ve verzi economix z\u00e1kladn\u00ed v\u00fdbava neobsahuje designov\u00e9 dve\u0159e kotlov\u00e9ho t\u011blesa.<\/li>\n<li>Mo\u017enost v\u00fdb\u011bru mezi \u0159\u00edd\u00edc\u00ed jednotkou Siemens Climatix a BENEKOV EM 250.<\/li>\n<li>\u0158\u00edd\u00edc\u00ed jednotka Siemens Climatix umo\u017e\u0148uje ovl\u00e1d\u00e1n\u00ed 2 topn\u00fdch okruh\u016f, m\u00e1 v z\u00e1kladu ekvitermn\u00ed regulaci a umo\u017e\u0148uje ovl\u00e1dat kotel pomoc\u00ed vzd\u00e1len\u00e9ho p\u0159\u00edstupu p\u0159es Internet. Climatix um\u00ed ovl\u00e1dat a\u017e 4 kotle zapojen\u00e9 do kask\u00e1dy.<\/li>\n<\/ul>\n<h3><strong><strong>\u00a0\u00a0\u00a0\u00a0\u00a0\u00a0 <\/strong><\/strong>Provoz kotle<\/h3>\n<p>Kotel je t\u0159eba obsluhovat v pr\u016fm\u011bru 15 minut denn\u011b. Z\u00e1sobn\u00edk paliva umo\u017e\u0148uje bezobslu\u017en\u00fd provoz po dobu 1 a\u017e 3 dny podle intenzity provozu, kvalit\u011b pou\u017eit\u00e9ho paliva apod. Na ja\u0159e a na podzim je mo\u017eno p\u0159ikl\u00e1dat jednou za 3 a\u017e 6 dn\u016f, v z\u00e1vislosti na po\u017eadovan\u00e9 teplot\u011b v objektu a dal\u0161\u00edch faktorech. Popel je nutno vyn\u00e1\u0161et obvykle jednou za 1 a\u017e 4 dny. Stejn\u011b jako u dal\u0161\u00edch na\u0161ich v\u00fdrobk\u016f, bezpe\u010dn\u00fd provoz kotle zaji\u0161\u0165uje havarijn\u00ed termostat, slou\u017e\u00edc\u00ed k ochran\u011b otopn\u00e9ho syst\u00e9mu proti p\u0159eh\u0159\u00e1t\u00ed. Motor \u0161nekov\u00e9ho pod\u00e1vac\u00edho za\u0159\u00edzen je proti p\u0159et\u00ed\u017een\u00ed vybaven termo-pojistkou. Tavn\u00e1 tepeln\u00e1 pojistka zabezpe\u010duje kotel proti proho\u0159en\u00ed paliva do z\u00e1sobn\u00edku paliva p\u0159i v\u00fdpadku elektrick\u00e9ho proudu na del\u0161\u00ed dobu.<\/p>\n<h3><strong><strong>\u00a0\u00a0\u00a0\u00a0\u00a0\u00a0 <\/strong><\/strong>Mo\u017enosti zapojen\u00ed<\/h3>\n<p>Pomoc\u00ed \u0159\u00edd\u00edc\u00ed jednotky Siemens Climatix nebo v p\u0159\u00edpad\u011b zapojen\u00ed s jednotkou BENEKOV EM 250 pomoc\u00ed nad\u0159azen\u00e9 regulace lze kotel zapojit do kask\u00e1dy nebo jej napojit na dal\u0161\u00ed topn\u00e9 okruhy.<\/p>\n<h3><strong><strong>\u00a0\u00a0\u00a0\u00a0\u00a0\u00a0 <\/strong><\/strong>Rozm\u011bry a technick\u00e9 parametry kotle BENEKOV C51<\/h3>\n<table style=\"margin: 0; padding: 0; width: auto; font-size: 12px; line-height: 0.8;\" border=\"0\">\n<tbody>\n<tr>\n<td>Hmotnost<\/td>\n<td>kg<\/td>\n<td>710<\/td>\n<\/tr>\n<tr>\n<td>Obsah vodn\u00edho prostoru<\/td>\n<td>dm3<\/td>\n<td>175<\/td>\n<\/tr>\n<tr>\n<td>Pr\u016fm\u011br kou\u0159ovodu<\/td>\n<td>mm<\/td>\n<td>195<\/td>\n<\/tr>\n<tr>\n<td>Teplosm\u011bnn\u00e1 plocha kotle<\/td>\n<td>m2<\/td>\n<td>5,64<\/td>\n<\/tr>\n<tr>\n<td>Kapacita z\u00e1sobn\u00edku paliva<\/td>\n<td>dm3<\/td>\n<td>530<\/td>\n<\/tr>\n<tr>\n<td>Rozm\u011bry kotle: \u0161 x h x v<\/td>\n<td>mm<\/td>\n<td>1599x1238x1610<\/td>\n<\/tr>\n<tr>\n<td>Rozm\u011br pln\u00edc\u00edho otvoru v z\u00e1sobn\u00edku paliva<\/td>\n<td>mm<\/td>\n<td>700&#215;417<\/td>\n<\/tr>\n<tr>\n<td>T\u0159\u00edda kotle dle \u010cSN EN 303-5<\/td>\n<td><\/td>\n<td>4<\/td>\n<\/tr>\n<tr>\n<td>Pracovn\u00ed p\u0159etlak vody<\/td>\n<td>bar (kPa)<\/td>\n<td>2,0 (200)<\/td>\n<\/tr>\n<tr>\n<td>Zku\u0161ebn\u00ed p\u0159etlak vody<\/td>\n<td>bar (kPa)<\/td>\n<td>4,0 (400)<\/td>\n<\/tr>\n<tr>\n<td>Doporu\u010den\u00e1 provozn\u00ed teplota topn\u00e9 vody<\/td>\n<td>\u00b0C<\/td>\n<td>65 &#8211; 80<\/td>\n<\/tr>\n<tr>\n<td>Nejmen\u0161\u00ed teplota vstupn\u00ed vody<\/td>\n<td>\u00b0C<\/td>\n<td>60<\/td>\n<\/tr>\n<tr>\n<td><strong>Hydraulick\u00e1 ztr\u00e1ta kotle<\/strong><\/td>\n<td><\/td>\n<td><\/td>\n<\/tr>\n<tr>\n<td>\u2206 T = 10 K<\/td>\n<td>mbar<\/td>\n<td>8<\/td>\n<\/tr>\n<tr>\n<td>\u2206 T = 20 K<\/td>\n<td>mbar<\/td>\n<td>2<\/td>\n<\/tr>\n<tr>\n<td>Hladina hluku<\/td>\n<td>dB<\/td>\n<td>&lt; 46 +,- 3 dB (A)<\/td>\n<\/tr>\n<tr>\n<td>Kom\u00ednov\u00fd tah<\/td>\n<td>mbar<\/td>\n<td>0,20 \u2013 0,25<\/td>\n<\/tr>\n<tr>\n<td><strong>P\u0159\u00edpojky kotle<\/strong><\/td>\n<td><\/td>\n<td><\/td>\n<\/tr>\n<tr>\n<td>&#8211; topn\u00e1 voda<\/td>\n<td>Js<\/td>\n<td>G 6\/4\u201d<\/td>\n<\/tr>\n<tr>\n<td>&#8211; vratn\u00e1 voda<\/td>\n<td>Js<\/td>\n<td>G 6\/4\u201d<\/td>\n<\/tr>\n<tr>\n<td>P\u0159ipojovac\u00ed nap\u011bt\u00ed<\/td>\n<td><\/td>\n<td>1 PEN ~ 50 Hz\u00a0\u00a0 230 V<\/td>\n<\/tr>\n<tr>\n<td>Max. el. p\u0159\u00edkon (ventil\u00e1tor + pohon)<\/td>\n<td>W<\/td>\n<td>69<\/td>\n<\/tr>\n<tr>\n<td>Elektrick\u00e9 kryt\u00ed<\/td>\n<td><\/td>\n<td>IP 20<\/td>\n<\/tr>\n<\/tbody>\n<\/table>\n","protected":false},"excerpt":{"rendered":"<p>\u00a0\u00a0automatick\u00fd kotel na uhl\u00ed 4. t\u0159\u00eddy o v\u00fdkonu 49 kW Jmenovit\u00fd v\u00fdkon 49 kW Hmotnost 710 kg Obsah z\u00e1sobn\u00edku paliva 530 l \u00da\u010dinnost &lt; 91 % T\u0159\u00edda kotle dle normy \u010cSN EN 303-5 4 P\u0159\u00edkon 69 W SVT SVT4241 \u00a0\u00a0\u00a0\u00a0\u00a0\u00a0\u00a0 P\u0159ednosti kotle Kotel BENEKOV C51 lze pou\u017e\u00edt pro vyt\u00e1p\u011bn\u00ed v\u011bt\u0161\u00edch objekt\u016f, kancel\u00e1\u0159sk\u00fdch budov, obchod\u016f, \u0161kol, &hellip; <a href=\"https:\/\/montazkotlu.schiedek.cz\/?page_id=142\" class=\"more-link\">Pokra\u010dov\u00e1n\u00ed textu <span class=\"screen-reader-text\">BENEKOV C51<\/span> <span class=\"meta-nav\">&rarr;<\/span><\/a><\/p>\n","protected":false},"author":1,"featured_media":0,"parent":71,"menu_order":0,"comment_status":"closed","ping_status":"closed","template":"","meta":[],"_links":{"self":[{"href":"https:\/\/montazkotlu.schiedek.cz\/index.php?rest_route=\/wp\/v2\/pages\/142"}],"collection":[{"href":"https:\/\/montazkotlu.schiedek.cz\/index.php?rest_route=\/wp\/v2\/pages"}],"about":[{"href":"https:\/\/montazkotlu.schiedek.cz\/index.php?rest_route=\/wp\/v2\/types\/page"}],"author":[{"embeddable":true,"href":"https:\/\/montazkotlu.schiedek.cz\/index.php?rest_route=\/wp\/v2\/users\/1"}],"replies":[{"embeddable":true,"href":"https:\/\/montazkotlu.schiedek.cz\/index.php?rest_route=%2Fwp%2Fv2%2Fcomments&post=142"}],"version-history":[{"count":7,"href":"https:\/\/montazkotlu.schiedek.cz\/index.php?rest_route=\/wp\/v2\/pages\/142\/revisions"}],"predecessor-version":[{"id":455,"href":"https:\/\/montazkotlu.schiedek.cz\/index.php?rest_route=\/wp\/v2\/pages\/142\/revisions\/455"}],"up":[{"embeddable":true,"href":"https:\/\/montazkotlu.schiedek.cz\/index.php?rest_route=\/wp\/v2\/pages\/71"}],"wp:attachment":[{"href":"https:\/\/montazkotlu.schiedek.cz\/index.php?rest_route=%2Fwp%2Fv2%2Fmedia&parent=142"}],"curies":[{"name":"wp","href":"https:\/\/api.w.org\/{rel}","templated":true}]}}