{"id":148,"date":"2014-03-21T10:04:09","date_gmt":"2014-03-21T09:04:09","guid":{"rendered":"http:\/\/montazkotlu.benekov.com\/?page_id=148"},"modified":"2014-03-26T00:07:44","modified_gmt":"2014-03-25T23:07:44","slug":"cosmotherm-u25","status":"publish","type":"page","link":"https:\/\/montazkotlu.schiedek.cz\/?page_id=148","title":{"rendered":"CosmoTHERM U25"},"content":{"rendered":"<p><strong>\u00a0<a href=\"http:\/\/montazkotlu.benekov.com\/wp-content\/uploads\/2014\/03\/CosmoTHERM_U25_pohled_01.png\"><img decoding=\"async\" loading=\"lazy\" class=\"size-medium wp-image-167 alignleft\" alt=\"CosmoTHERM_U25_pohled_01\" src=\"http:\/\/montazkotlu.benekov.com\/wp-content\/uploads\/2014\/03\/CosmoTHERM_U25_pohled_01-300x225.png\" width=\"300\" height=\"225\" srcset=\"https:\/\/montazkotlu.schiedek.cz\/wp-content\/uploads\/2014\/03\/CosmoTHERM_U25_pohled_01-300x225.png 300w, https:\/\/montazkotlu.schiedek.cz\/wp-content\/uploads\/2014\/03\/CosmoTHERM_U25_pohled_01-1024x768.png 1024w, https:\/\/montazkotlu.schiedek.cz\/wp-content\/uploads\/2014\/03\/CosmoTHERM_U25_pohled_01.png 2000w\" sizes=\"(max-width: 300px) 100vw, 300px\" \/><\/a> <a href=\"http:\/\/montazkotlu.benekov.com\/wp-content\/uploads\/2014\/03\/vizualizace-rezu-CosmoTHERM-U25.png\"><img decoding=\"async\" loading=\"lazy\" class=\"alignright size-medium wp-image-168\" alt=\"vizualizace rezu CosmoTHERM U25\" src=\"http:\/\/montazkotlu.benekov.com\/wp-content\/uploads\/2014\/03\/vizualizace-rezu-CosmoTHERM-U25-300x240.png\" width=\"300\" height=\"240\" srcset=\"https:\/\/montazkotlu.schiedek.cz\/wp-content\/uploads\/2014\/03\/vizualizace-rezu-CosmoTHERM-U25-300x240.png 300w, https:\/\/montazkotlu.schiedek.cz\/wp-content\/uploads\/2014\/03\/vizualizace-rezu-CosmoTHERM-U25-1024x819.png 1024w, https:\/\/montazkotlu.schiedek.cz\/wp-content\/uploads\/2014\/03\/vizualizace-rezu-CosmoTHERM-U25.png 1500w\" sizes=\"(max-width: 300px) 100vw, 300px\" \/><\/a>\u00a0 p<strong>rvn\u00ed automatick\u00fd kotel na uhl\u00ed 4. t\u0159\u00eddy v \u010cR<\/strong><\/strong><\/p>\n<table style=\"margin: 0; padding: 0; width: auto; font-size: 12px; line-height: 0.8;\">\n<tbody>\n<tr>\n<td>Jmenovit\u00fd v\u00fdkon<\/td>\n<td>20 kW<\/td>\n<\/tr>\n<tr>\n<td>Hmotnost<\/td>\n<td>350 kg<\/td>\n<\/tr>\n<tr>\n<td>Obsah z\u00e1sobn\u00edku paliva<\/td>\n<td>280 l<\/td>\n<\/tr>\n<tr>\n<td>\u00da\u010dinnost<\/td>\n<td>&lt; 89 %<\/td>\n<\/tr>\n<tr>\n<td>T\u0159\u00edda kotle dle normy \u010cSN EN 303-5<\/td>\n<td>4<\/td>\n<\/tr>\n<tr>\n<td>P\u0159\u00edkon<\/td>\n<td>78 W<\/td>\n<\/tr>\n<tr>\n<td>SVT<\/td>\n<td>SVT2680<\/td>\n<\/tr>\n<\/tbody>\n<\/table>\n<h3><strong><strong>\u00a0\u00a0\u00a0\u00a0\u00a0\u00a0 <\/strong><\/strong>\u00dasporn\u00e9 \u0159e\u0161en\u00ed vyt\u00e1p\u011bn\u00ed<\/h3>\n<p>Kotel byl vyvinut na z\u00e1klad\u011b dlouhodob\u00fdch po\u017eadavk\u016f \u010desk\u00fdch z\u00e1kazn\u00edk\u016f. Je ur\u010den pro vyt\u00e1p\u011bn\u00ed rodinn\u00fdch dom\u016f a men\u0161\u00edch objekt\u016f. Umo\u017e\u0148uje pohodln\u00fd provoz a minimum servisu. D\u00edky sv\u00e9 origin\u00e1ln\u00ed konstrukci dosahuje vysok\u00e9 provozn\u00ed \u00fa\u010dinnosti a m\u00e1 minim\u00e1ln\u00ed p\u0159\u00edkon. V\u00fdrobek m\u00e1 velmi p\u0159\u00edznivou cenu umo\u017e\u0148uj\u00edc\u00ed vyu\u017eit\u00ed u \u0161irok\u00e9ho okruhu u\u017eivatel\u016f. Je to prvn\u00ed automatick\u00fd kotel na uhl\u00ed v \u010cR, kter\u00fd byl certifikov\u00e1n do 4. emisn\u00ed t\u0159\u00eddy.<\/p>\n<h3><strong><strong>\u00a0\u00a0\u00a0\u00a0\u00a0\u00a0 <\/strong><\/strong>P\u0159ednosti kotle<\/h3>\n<ul>\n<li>Motor Siemens, \u00a0\u0159\u00edd\u00edc\u00ed jednotka Benekov EM 250 a ventil\u00e1tor EBM jsou z\u00e1rukou n\u00edzk\u00fdch provozn\u00edch n\u00e1klad\u016f a dlouhodob\u00e9 \u017eivotnosti elektrokomponent\u016f.<\/li>\n<li>Jednoduch\u00e9 ovl\u00e1d\u00e1n\u00ed a dlouhodob\u011b odzkou\u0161en\u00e9 pod\u00e1vac\u00ed a ho\u0159\u00e1kov\u00e9 syst\u00e9my zaji\u0161\u0165uj\u00ed pohodlnou obsluhu a minimum servisu.<\/li>\n<li>Patentov\u011b chr\u00e1n\u011bn\u00e1 konstrukce v\u00fdm\u011bn\u00edku zaji\u0161\u0165uje vysokou \u00fa\u010dinnost a dlouhou \u017eivotnost. Spalovac\u00ed komora je konstruov\u00e1na z\u00a08 mm oceli.<\/li>\n<li>Reverz pod\u00e1vac\u00edho za\u0159\u00edzen\u00ed umo\u017e\u0148uje zp\u011btn\u00fd chod \u0161nekov\u00e9ho podava\u010de v\u00a0p\u0159\u00edpad\u011b zablokov\u00e1n\u00ed podava\u010de paliva.<\/li>\n<\/ul>\n<h3><strong><strong>\u00a0\u00a0\u00a0\u00a0\u00a0\u00a0 <\/strong><\/strong>Rozm\u011bry a technick\u00e9 parametry kotle CosmoTHERM U25<\/h3>\n<table style=\"margin: 0; padding: 0; width: auto; font-size: 12px; line-height: 0.8;\" border=\"0\">\n<tbody>\n<tr>\n<td>Hmotnost<\/td>\n<td>kg<\/td>\n<td>352<\/td>\n<\/tr>\n<tr>\n<td>Obsah vodn\u00edho prostoru<\/td>\n<td>dm3<\/td>\n<td>112<\/td>\n<\/tr>\n<tr>\n<td>Pr\u016fm\u011br kou\u0159ovodu<\/td>\n<td>mm<\/td>\n<td>145<\/td>\n<\/tr>\n<tr>\n<td>Teplosm\u011bnn\u00e1 plocha kotle<\/td>\n<td>m2<\/td>\n<td>2,04<\/td>\n<\/tr>\n<tr>\n<td>Kapacita z\u00e1sobn\u00edku paliva<\/td>\n<td>dm3<\/td>\n<td>235<\/td>\n<\/tr>\n<tr>\n<td>Rozm\u011bry kotle: \u0161 x h x v<\/td>\n<td>mm<\/td>\n<td>1343 x 930 x 1528<\/td>\n<\/tr>\n<tr>\n<td>Rozm\u011br pln\u00edc\u00edho otvoru z\u00e1sobn\u00edku paliva<\/td>\n<td>mm<\/td>\n<td>610 x 464<\/td>\n<\/tr>\n<tr>\n<td>T\u0159\u00edda kotle dle \u010cSN EN 303-5<\/td>\n<td><\/td>\n<td>4<\/td>\n<\/tr>\n<tr>\n<td>Pracovn\u00ed p\u0159etlak vody<\/td>\n<td>bar (kPa)<\/td>\n<td>2 (200)<\/td>\n<\/tr>\n<tr>\n<td>Zku\u0161ebn\u00ed p\u0159etlak vody<\/td>\n<td>bar (kPa)<\/td>\n<td>4,0 (400)<\/td>\n<\/tr>\n<tr>\n<td>Doporu\u010den\u00e1 provozn\u00ed teplota topn\u00e9 vody<\/td>\n<td>\u00b0C<\/td>\n<td>65 &#8211; 80<\/td>\n<\/tr>\n<tr>\n<td>Nejmen\u0161\u00ed teplota vstupn\u00ed vody<\/td>\n<td>\u00b0C<\/td>\n<td>60<\/td>\n<\/tr>\n<tr>\n<td><strong>Hydraulick\u00e1 ztr\u00e1ta kotle<\/strong><\/td>\n<td><\/td>\n<td><\/td>\n<\/tr>\n<tr>\n<td>\u2206 T = 10 K<\/td>\n<td>mbar<\/td>\n<td>4,1<\/td>\n<\/tr>\n<tr>\n<td>\u2206 T = 20 K<\/td>\n<td>mbar<\/td>\n<td>1,9<\/td>\n<\/tr>\n<tr>\n<td>Hladina hluku<\/td>\n<td>dB<\/td>\n<td>&lt; 65 dB (A)<\/td>\n<\/tr>\n<tr>\n<td>Kom\u00ednov\u00fd tah<\/td>\n<td>mbar<\/td>\n<td>0,15 \u2013 0,20<\/td>\n<\/tr>\n<tr>\n<td><strong>P\u0159\u00edpojky kotle<\/strong><\/td>\n<td><\/td>\n<td><\/td>\n<\/tr>\n<tr>\n<td>&#8211; topn\u00e1 voda<\/td>\n<td>Js<\/td>\n<td>G 6\/4\u201d<\/td>\n<\/tr>\n<tr>\n<td>&#8211; vratn\u00e1 voda<\/td>\n<td>Js<\/td>\n<td>G 6\/4\u201d<\/td>\n<\/tr>\n<tr>\n<td>P\u0159ipojovac\u00ed nap\u011bt\u00ed<\/td>\n<td><\/td>\n<td>1 PEN ~ 50 Hz\u00a0\u00a0 230 V TN-S<\/td>\n<\/tr>\n<tr>\n<td>Max. el. p\u0159\u00edkon (ventil\u00e1tor + pohon)<\/td>\n<td>W<\/td>\n<td>78<\/td>\n<\/tr>\n<tr>\n<td>Elektrick\u00e9 kryt\u00ed<\/td>\n<td><\/td>\n<td>IP 20<\/td>\n<\/tr>\n<\/tbody>\n<\/table>\n","protected":false},"excerpt":{"rendered":"<p>\u00a0 \u00a0 prvn\u00ed automatick\u00fd kotel na uhl\u00ed 4. t\u0159\u00eddy v \u010cR Jmenovit\u00fd v\u00fdkon 20 kW Hmotnost 350 kg Obsah z\u00e1sobn\u00edku paliva 280 l \u00da\u010dinnost &lt; 89 % T\u0159\u00edda kotle dle normy \u010cSN EN 303-5 4 P\u0159\u00edkon 78 W SVT SVT2680 \u00a0\u00a0\u00a0\u00a0\u00a0\u00a0 \u00dasporn\u00e9 \u0159e\u0161en\u00ed vyt\u00e1p\u011bn\u00ed Kotel byl vyvinut na z\u00e1klad\u011b dlouhodob\u00fdch po\u017eadavk\u016f \u010desk\u00fdch z\u00e1kazn\u00edk\u016f. Je ur\u010den &hellip; <a href=\"https:\/\/montazkotlu.schiedek.cz\/?page_id=148\" class=\"more-link\">Pokra\u010dov\u00e1n\u00ed textu <span class=\"screen-reader-text\">CosmoTHERM U25<\/span> <span class=\"meta-nav\">&rarr;<\/span><\/a><\/p>\n","protected":false},"author":1,"featured_media":0,"parent":71,"menu_order":0,"comment_status":"closed","ping_status":"closed","template":"","meta":[],"_links":{"self":[{"href":"https:\/\/montazkotlu.schiedek.cz\/index.php?rest_route=\/wp\/v2\/pages\/148"}],"collection":[{"href":"https:\/\/montazkotlu.schiedek.cz\/index.php?rest_route=\/wp\/v2\/pages"}],"about":[{"href":"https:\/\/montazkotlu.schiedek.cz\/index.php?rest_route=\/wp\/v2\/types\/page"}],"author":[{"embeddable":true,"href":"https:\/\/montazkotlu.schiedek.cz\/index.php?rest_route=\/wp\/v2\/users\/1"}],"replies":[{"embeddable":true,"href":"https:\/\/montazkotlu.schiedek.cz\/index.php?rest_route=%2Fwp%2Fv2%2Fcomments&post=148"}],"version-history":[{"count":13,"href":"https:\/\/montazkotlu.schiedek.cz\/index.php?rest_route=\/wp\/v2\/pages\/148\/revisions"}],"predecessor-version":[{"id":456,"href":"https:\/\/montazkotlu.schiedek.cz\/index.php?rest_route=\/wp\/v2\/pages\/148\/revisions\/456"}],"up":[{"embeddable":true,"href":"https:\/\/montazkotlu.schiedek.cz\/index.php?rest_route=\/wp\/v2\/pages\/71"}],"wp:attachment":[{"href":"https:\/\/montazkotlu.schiedek.cz\/index.php?rest_route=%2Fwp%2Fv2%2Fmedia&parent=148"}],"curies":[{"name":"wp","href":"https:\/\/api.w.org\/{rel}","templated":true}]}}