{"id":2,"date":"2014-03-01T08:12:48","date_gmt":"2014-03-01T08:12:48","guid":{"rendered":"http:\/\/montazkotlu.benekov.com\/?page_id=2"},"modified":"2016-04-09T19:03:14","modified_gmt":"2016-04-09T18:03:14","slug":"zkusebni-stranka","status":"publish","type":"page","link":"https:\/\/montazkotlu.schiedek.cz\/?page_id=2","title":{"rendered":"\u00daVOD"},"content":{"rendered":"<p style=\"text-align: left;\">\u00a0<a href=\"http:\/\/montazkotlu.benekov.com\/wp-content\/uploads\/2014\/03\/BENEKOV_C16_pohled_011.png\"><img decoding=\"async\" loading=\"lazy\" class=\"alignleft size-medium wp-image-309\" src=\"http:\/\/montazkotlu.benekov.com\/wp-content\/uploads\/2014\/03\/BENEKOV_C16_pohled_011-300x240.png\" alt=\"BENEKOV_C16_pohled_01\" width=\"300\" height=\"240\" srcset=\"https:\/\/montazkotlu.schiedek.cz\/wp-content\/uploads\/2014\/03\/BENEKOV_C16_pohled_011-300x240.png 300w, https:\/\/montazkotlu.schiedek.cz\/wp-content\/uploads\/2014\/03\/BENEKOV_C16_pohled_011-1024x819.png 1024w, https:\/\/montazkotlu.schiedek.cz\/wp-content\/uploads\/2014\/03\/BENEKOV_C16_pohled_011.png 1500w\" sizes=\"(max-width: 300px) 100vw, 300px\" \/><\/a><a href=\"http:\/\/montazkotlu.benekov.com\/wp-content\/uploads\/2014\/03\/BENEKOV_C26_ECONOMIX_Pohled_03____2013_09_211.png\"><img decoding=\"async\" loading=\"lazy\" class=\"alignright size-medium wp-image-317\" src=\"http:\/\/montazkotlu.benekov.com\/wp-content\/uploads\/2014\/03\/BENEKOV_C26_ECONOMIX_Pohled_03____2013_09_211-300x240.png\" alt=\"BENEKOV_C26_ECONOMIX_Pohled_03____2013_09_21\" width=\"300\" height=\"240\" srcset=\"https:\/\/montazkotlu.schiedek.cz\/wp-content\/uploads\/2014\/03\/BENEKOV_C26_ECONOMIX_Pohled_03____2013_09_211-300x240.png 300w, https:\/\/montazkotlu.schiedek.cz\/wp-content\/uploads\/2014\/03\/BENEKOV_C26_ECONOMIX_Pohled_03____2013_09_211-1024x819.png 1024w, https:\/\/montazkotlu.schiedek.cz\/wp-content\/uploads\/2014\/03\/BENEKOV_C26_ECONOMIX_Pohled_03____2013_09_211.png 1500w\" sizes=\"(max-width: 300px) 100vw, 300px\" \/><\/a>Zab\u00fdv\u00e1me se realizac\u00ed technick\u00fdch za\u0159\u00edzen\u00ed budov (rozvody vody, vnit\u0159n\u00ed a venkovn\u00ed kanalizace, rozvody plynu v oceli, m\u011bdi, rozvody vyt\u00e1p\u011bn\u00ed v m\u011bdi, uhl\u00edkov\u00e9 oceli, podlahov\u00e9 vyt\u00e1p\u011bn\u00ed, sol\u00e1rn\u00ed syst\u00e9my, za\u0159izovac\u00ed p\u0159edm\u011bty atd.) a zejm\u00e9na realizac\u00ed kotelen s automatick\u00fdmi kotli na tuh\u00e1 paliva (uhl\u00ed, d\u0159ev\u011bn\u00e9 peletky, obil\u00ed a dal\u0161\u00ed biomasu) od \u010desk\u00e9 firmy BENEKOV.<\/p>\n<blockquote>\n<p style=\"text-align: justify;\">Tato firma je dlouholet\u00fdm pr\u016fkopn\u00edkem v oblasti automatick\u00fdch kotl\u016f na tuh\u00e1 paliva v \u010cesk\u00e9 republice a kvalitou spojenou se spolehlivost\u00ed jejich v\u00fdrobk\u016f umo\u017e\u0148uje topen\u00e1\u0159\u016fm vytv\u00e1\u0159et \u0159e\u0161en\u00ed kotelen s minim\u00e1ln\u00edmi servisn\u00edmi z\u00e1sahy, jednoduchou \u00fadr\u017ebou a vysokou spokojenost\u00ed z\u00e1kazn\u00edk\u016f.<\/p>\n<\/blockquote>\n<p style=\"text-align: justify;\">Bezkonkuren\u010dn\u00ed v\u00fdvojov\u00e9 odd\u011blen\u00ed firmy se m\u016f\u017ee py\u0161nit mnoh\u00fdmi prvenstv\u00edmi (prvn\u00ed kotel na pelety certifikovan\u00fd ve 4. emisn\u00ed t\u0159\u00edd\u011b, prvn\u00ed kotel na uhl\u00ed a posl\u00e9ze i cel\u00e1 v\u00fdrobn\u00ed \u0159ada certifikovan\u00e1 v 4. emisn\u00ed t\u0159\u00edd\u011b, <strong>prvn\u00ed kotel na uhl\u00ed v 5. emisn\u00ed t\u0159\u00edd\u011b spl\u0148uj\u00edc\u00ed Ekodesign<\/strong>) i poveden\u00fdm designem kotl\u016f BENEKOV. V r\u00e1mci &#8222;kotl\u00edkov\u00e9 dotace&#8220; kdy je na kotle spaluj\u00edc\u00ed uhl\u00ed poskytov\u00e1na dotace <strong>127.500,- K\u010d<\/strong> (u n\u011bkter\u00fdch obc\u00ed a\u017e o 15.000,- K\u010d v\u00edc), je proto kotel z BENEKOVu jasnou volbou.<\/p>\n<blockquote>\n<p style=\"text-align: justify;\">V r\u00e1mci kotl\u00edkov\u00fdch dotac\u00ed vy\u0159izujeme ve\u0161kerou administrativu od fotodokumentace st\u00e1vaj\u00edc\u00edho kotle, pod\u00e1n\u00ed \u017e\u00e1dosti o dotace, dolo\u017een\u00ed realizace nov\u00e9ho kotle, vypracov\u00e1n\u00ed v\u0161ech pot\u0159ebn\u00fdch prohl\u00e1\u0161en\u00ed a potvrzen\u00ed, doklad\u016f o likvidaci star\u00e9ho kotle i komunikaci s Krajsk\u00fdm \u00fa\u0159adem a\u017e po kone\u010dn\u00e9 p\u0159ips\u00e1n\u00ed dotace na \u00fa\u010det \u017eadatele.<\/p>\n<\/blockquote>\n<p>&nbsp;<\/p>\n","protected":false},"excerpt":{"rendered":"<p>\u00a0Zab\u00fdv\u00e1me se realizac\u00ed technick\u00fdch za\u0159\u00edzen\u00ed budov (rozvody vody, vnit\u0159n\u00ed a venkovn\u00ed kanalizace, rozvody plynu v oceli, m\u011bdi, rozvody vyt\u00e1p\u011bn\u00ed v m\u011bdi, uhl\u00edkov\u00e9 oceli, podlahov\u00e9 vyt\u00e1p\u011bn\u00ed, sol\u00e1rn\u00ed syst\u00e9my, za\u0159izovac\u00ed p\u0159edm\u011bty atd.) a zejm\u00e9na realizac\u00ed kotelen s automatick\u00fdmi kotli na tuh\u00e1 paliva (uhl\u00ed, d\u0159ev\u011bn\u00e9 peletky, obil\u00ed a dal\u0161\u00ed biomasu) od \u010desk\u00e9 firmy BENEKOV. Tato firma je dlouholet\u00fdm &hellip; <a href=\"https:\/\/montazkotlu.schiedek.cz\/?page_id=2\" class=\"more-link\">Pokra\u010dov\u00e1n\u00ed textu <span class=\"screen-reader-text\">\u00daVOD<\/span> <span class=\"meta-nav\">&rarr;<\/span><\/a><\/p>\n","protected":false},"author":1,"featured_media":0,"parent":0,"menu_order":0,"comment_status":"closed","ping_status":"closed","template":"","meta":[],"_links":{"self":[{"href":"https:\/\/montazkotlu.schiedek.cz\/index.php?rest_route=\/wp\/v2\/pages\/2"}],"collection":[{"href":"https:\/\/montazkotlu.schiedek.cz\/index.php?rest_route=\/wp\/v2\/pages"}],"about":[{"href":"https:\/\/montazkotlu.schiedek.cz\/index.php?rest_route=\/wp\/v2\/types\/page"}],"author":[{"embeddable":true,"href":"https:\/\/montazkotlu.schiedek.cz\/index.php?rest_route=\/wp\/v2\/users\/1"}],"replies":[{"embeddable":true,"href":"https:\/\/montazkotlu.schiedek.cz\/index.php?rest_route=%2Fwp%2Fv2%2Fcomments&post=2"}],"version-history":[{"count":32,"href":"https:\/\/montazkotlu.schiedek.cz\/index.php?rest_route=\/wp\/v2\/pages\/2\/revisions"}],"predecessor-version":[{"id":557,"href":"https:\/\/montazkotlu.schiedek.cz\/index.php?rest_route=\/wp\/v2\/pages\/2\/revisions\/557"}],"wp:attachment":[{"href":"https:\/\/montazkotlu.schiedek.cz\/index.php?rest_route=%2Fwp%2Fv2%2Fmedia&parent=2"}],"curies":[{"name":"wp","href":"https:\/\/api.w.org\/{rel}","templated":true}]}}