{"id":252,"date":"2014-03-21T19:41:57","date_gmt":"2014-03-21T18:41:57","guid":{"rendered":"http:\/\/montazkotlu.benekov.com\/?page_id=252"},"modified":"2014-03-21T23:15:31","modified_gmt":"2014-03-21T22:15:31","slug":"set-pro-prestavbu-litinoveho-kotle-na-automat","status":"publish","type":"page","link":"https:\/\/montazkotlu.schiedek.cz\/?page_id=252","title":{"rendered":"Set pro p\u0159estavbu litinov\u00e9ho kotle"},"content":{"rendered":"<p><strong><a href=\"http:\/\/montazkotlu.benekov.com\/wp-content\/uploads\/2014\/03\/prestavba_03.png\"><img decoding=\"async\" loading=\"lazy\" class=\"size-medium wp-image-257 alignleft\" alt=\"prestavba_03\" src=\"http:\/\/montazkotlu.benekov.com\/wp-content\/uploads\/2014\/03\/prestavba_03-300x240.png\" width=\"300\" height=\"240\" srcset=\"https:\/\/montazkotlu.schiedek.cz\/wp-content\/uploads\/2014\/03\/prestavba_03-300x240.png 300w, https:\/\/montazkotlu.schiedek.cz\/wp-content\/uploads\/2014\/03\/prestavba_03-1024x819.png 1024w, https:\/\/montazkotlu.schiedek.cz\/wp-content\/uploads\/2014\/03\/prestavba_03.png 1500w\" sizes=\"(max-width: 300px) 100vw, 300px\" \/><\/a>nov\u00fd pohled na vyt\u00e1p\u011bn\u00ed tuh\u00fdmi palivy<a href=\"http:\/\/montazkotlu.benekov.com\/wp-content\/uploads\/2014\/03\/prestavba_01.png\"><img decoding=\"async\" loading=\"lazy\" class=\"alignright size-medium wp-image-258\" alt=\"prestavba_01\" src=\"http:\/\/montazkotlu.benekov.com\/wp-content\/uploads\/2014\/03\/prestavba_01-300x240.png\" width=\"300\" height=\"240\" srcset=\"https:\/\/montazkotlu.schiedek.cz\/wp-content\/uploads\/2014\/03\/prestavba_01-300x240.png 300w, https:\/\/montazkotlu.schiedek.cz\/wp-content\/uploads\/2014\/03\/prestavba_01-1024x819.png 1024w, https:\/\/montazkotlu.schiedek.cz\/wp-content\/uploads\/2014\/03\/prestavba_01.png 1500w\" sizes=\"(max-width: 300px) 100vw, 300px\" \/><\/a><br \/>\n<\/strong><\/p>\n<p>Stovky tis\u00edc dom\u00e1cnost\u00ed v\u00a0\u010cR vyu\u017e\u00edvaj\u00ed pro vyt\u00e1p\u011bn\u00ed sv\u00fdch dom\u016f klasick\u00e9 litinov\u00e9 kotle na tuh\u00e1 paliva. Ty dok\u00e1\u017e\u00ed spalovat \u0161irokou \u0161k\u00e1lu paliv a investice do nich jsou n\u00edzk\u00e9.<\/p>\n<p>Tato za\u0159\u00edzen\u00ed maj\u00ed ale t\u0159i velk\u00e9 nev\u00fdhody:<\/p>\n<p>a) <strong>N\u00edzk\u00e1 provozn\u00ed \u00fa\u010dinnost <\/strong>b\u011b\u017en\u00e9ho litinov\u00e9ho kotle s\u00a0ru\u010dn\u00edm p\u0159ikl\u00e1d\u00e1n\u00edm paliva, kter\u00e1 se m\u016f\u017ee pohybovat na \u00farovni okolo 55 %. To m\u00e1 za n\u00e1sledek vysokou spot\u0159ebu paliva a s\u00a0t\u00edm spojen\u00e9 vysok\u00e9 platby za provoz kotle.<\/p>\n<p>b)<strong> \u010cast\u00e9 p\u0159ikl\u00e1d\u00e1n\u00ed v\u00a0kotli<\/strong>, kter\u00e9 obsluze m\u016f\u017ee zabrat a\u017e hodinu denn\u011b.<\/p>\n<p>c) <strong>Obt\u011b\u017euj\u00edc\u00ed kou\u0159<\/strong>, kter\u00fd znep\u0159\u00edjem\u0148uje \u017eivot soused\u016fm v\u00a0\u0161irok\u00e9m okol\u00ed. To plat\u00ed zejm\u00e9na v\u00a0p\u0159\u00edpadech, kdy se pou\u017e\u00edv\u00e1 vlhk\u00e9 a nebo nekvalitn\u00ed palivo.<\/p>\n<p>Ceny plynu a elekt\u0159iny rostou nahoru a investici do nov\u00e9ho automatick\u00e9ho kotle na tuh\u00e1 paliva si dnes nem\u016f\u017ee dovolit ka\u017ed\u00e1 dom\u00e1cnost. BENEKOV proto p\u0159i\u0161el s\u00a0\u0159e\u0161en\u00edm t\u00e9to situace formou p\u0159estaveb litinov\u00fdch kotl\u016f na automaty.<\/p>\n<p><img decoding=\"async\" alt=\"\" src=\"\/wp-content\/uploads\/2014\/03\/sestava-SET-+-kotel_01-150x150.png\" \/>\u00a0 \u00a0<img decoding=\"async\" alt=\"\" src=\"\/wp-content\/uploads\/2014\/03\/sestava-SET-+-kotel_02-150x150.png\" \/>\u00a0 \u00a0<img decoding=\"async\" alt=\"\" src=\"\/wp-content\/uploads\/2014\/03\/sestava-SET-+-kotel_03-150x150.png\" \/><\/p>\n<p>&nbsp;<\/p>\n<h3>Hlavn\u00ed d\u016fvody pro\u010d investovat do p\u0159estavby<\/h3>\n<p><strong>a) Tato investice je ni\u017e\u0161\u00ed ne\u017e po\u0159\u00edzen\u00ed nov\u00e9ho automatick\u00e9ho kotle<\/strong><\/p>\n<p>Pro z\u00e1kazn\u00edky, kte\u0159\u00ed preferuj\u00ed litinov\u00e9 v\u00fdm\u011bn\u00edky a necht\u011bj\u00ed se zbavit sv\u00fdch star\u00fdch litinov\u00fdch kotl\u016f, je to zp\u016fsob jak si nejlevn\u011bj\u0161\u00edm zp\u016fsobem po\u0159\u00eddit automatick\u00fd kotel. P\u0159estav\u011bn\u00e9 za\u0159\u00edzen\u00ed nebude dosahovat takov\u00fdch parametr\u016f vysok\u00e9 \u00fa\u010dinnosti a n\u00edzk\u00fdch emis\u00ed jako nov\u00fd, modern\u00ed automatick\u00fd kotel. P\u0159esto je to v\u00fdznamn\u00fd krok vp\u0159ed a dojde k\u00a0v\u00fdrazn\u00e9mu zlep\u0161en\u00ed komfortu obsluhy a ekonomiky provozu kotelny oproti st\u00e1vaj\u00edc\u00edmu kotli s ru\u010dn\u00edm p\u0159ikl\u00e1d\u00e1n\u00edm..<\/p>\n<p><strong>b) U\u0161et\u0159\u00edte n\u00e1klady na palivo<\/strong><\/p>\n<p>V\u00a0litinov\u00fdch kotl\u00edch s ru\u010dn\u00edm p\u0159ikl\u00e1d\u00e1n\u00edm se b\u011b\u017en\u011b top\u00ed hn\u011bd\u00fdm uhl\u00edm typ Kostka (orienta\u010dn\u00ed cena cca 3700,&#8211; K\u010d\/tunu, v\u00fdh\u0159evnost cca 18 MJ\/kg). Re\u00e1ln\u00e1 provozn\u00ed \u00fa\u010dinnost t\u011bchto technologi\u00ed se pohybuje na \u00farovni okolo 55 %. Provozn\u00ed n\u00e1klady na d\u016fm se spot\u0159ebou tepla 70 GJ ro\u010dn\u011b jsou tak cca 26.000,&#8211; K\u010d nebo p\u0159\u00edpadn\u011b i vy\u0161\u0161\u00ed.<\/p>\n<p>D\u00edky automatick\u00e9mu provozu kotle a rovnom\u011brn\u00e9mu vyt\u00e1p\u011bn\u00ed objektu doch\u00e1z\u00ed ke zv\u00fd\u0161en\u00ed \u00fa\u010dinnosti topn\u00e9ho syst\u00e9mu a t\u00edm p\u00e1dem ke sn\u00ed\u017een\u00ed n\u00e1klad\u016f za vyt\u00e1p\u011bn\u00ed. Palivo pou\u017eiteln\u00e9 v automatick\u00e9m kotli BENEKOV je hn\u011bd\u00e9 uhl\u00ed typ O\u0159ech 2 (cena cca 2700,&#8211; K\u010d\/tunu, v\u00fdh\u0159evnost 18 MJ\/kg). \u00da\u010dinnost se pohybuje okolo 80%. Provozn\u00ed n\u00e1klady na d\u016fm se spot\u0159ebou tepla 70 GJ ro\u010dn\u011b se tak mohou sn\u00ed\u017eit a\u017e na 14 tis\u00edc K\u010d nebo m\u00e9n\u011b.<\/p>\n<p>\u00daspora v\u00a0n\u00e1kladech na palivo je cca 12.000,&#8211; K\u010d ro\u010dn\u011b.<strong> Za 10 let provozu p\u0159estavby m\u016f\u017ee z\u00e1kazn\u00edk u\u0161et\u0159it okolo 120.000,&#8211; K\u010d!!!<\/strong><\/p>\n<p><strong>\u00a0c) U\u0161et\u0159\u00edte velk\u00e9 mno\u017estv\u00ed \u010dasu<\/strong><\/p>\n<p>B\u011b\u017en\u00e9 litinov\u00e9 kotle vy\u017eaduj\u00ed obsluhu v d\u00e9lce cca 1 hodinu denn\u011b. \u00dadr\u017eba automatick\u00e9ho kotle, v\u010detn\u011b dopl\u0148ov\u00e1n\u00ed paliva m\u016f\u017ee zabrat v\u00a0pr\u016fm\u011bru 10 minut denn\u011b. Doba topn\u00e9 sez\u00f3ny se v\u00a0\u010cR pohybuje okolo 250 dn\u016f. Denn\u011b lze p\u0159echodem na automat uspo\u0159it okolo 50 minut \u010dasu. <strong>Za jednu topnou sez\u00f3nu tak u\u017eivatel kotle m\u016f\u017ee u\u0161et\u0159it okolo 200 hodin \u010dasu. <\/strong><\/p>\n<p>U\u017eivatel obsluhuj\u00edc\u00ed jednoduch\u00fd litinov\u00fd kotel mus\u00ed oproti majiteli automatu za 10 let provozu sv\u00e9ho za\u0159\u00edzen\u00ed odpracovat nav\u00edc 2000 hodin \u010dasu, co\u017e je stejn\u00e9, jako by byl 1 rok zam\u011bstnan\u00fd u kotle pouze jako topi\u010d.<\/p>\n<p>Majitel automatu si m\u016f\u017ee oproti majiteli jednoduch\u00e9ho litinov\u00e9ho kotle u\u017e\u00edvat ka\u017ed\u00fd rok o m\u011bs\u00edc voln\u00e9ho \u010dasu nav\u00edc, kter\u00fd tak m\u016f\u017ee v\u011bnovat rodin\u011b, p\u0159\u00e1tel\u016fm nebo sv\u00fdm z\u00e1lib\u00e1m.<\/p>\n<p><strong>d) Provoz automatick\u00e9ho kotle znamen\u00e1 v\u00fdrazn\u00e9 sn\u00ed\u017een\u00ed emis\u00ed<\/strong><\/p>\n<p>B\u011b\u017en\u00e9 litinov\u00e9 kotle s\u00a0ru\u010dn\u00edm p\u0159ikl\u00e1d\u00e1n\u00edm dosahuj\u00ed emise podle 1. nebo 2. t\u0159\u00eddy normy \u010cSN EN 303-5. B\u011b\u017en\u00e9 automatick\u00e9 kotle dosahuj\u00ed i p\u0159i spalov\u00e1n\u00ed uhl\u00ed emis\u00ed, kter\u00e9 odpov\u00eddaj\u00ed za\u0159azen\u00ed do t\u0159et\u00ed t\u0159\u00eddy podle normy \u010cSN EN 303-5. Vhodn\u00fdm se\u0159\u00edzen\u00edm kotle lze i p\u0159i spalov\u00e1n\u00ed uhl\u00ed dos\u00e1hnout takov\u00e9ho stavu, \u017ee sousedi nepoznaj\u00ed, \u017ee top\u00edte uhl\u00edm. Kou\u0159 z\u00a0nekvalitn\u00edho spalov\u00e1n\u00ed u\u017e nebude obt\u011b\u017eovat ani V\u00e1s ani je.<\/p>\n<h3>Hlavn\u00ed v\u00fdhody investice do p\u0159estavby BENEKOV<\/h3>\n<p>a) Firma BENEKOV m\u00e1 ji\u017e <strong>60 let tradice<\/strong> v\u00a0oboru topen\u00e1\u0159sk\u00e9 techniky a dod\u00e1v\u00e1 dlouhodob\u011b vyzkou\u0161en\u00e9 a spolehliv\u00e9 \u0159e\u0161en\u00ed.<\/p>\n<p>b) Firma <strong>BENEKOV se specializuje na v\u00fdrobu automatick\u00fdch kotl\u016f <\/strong>na tuh\u00e1 paliva od roku 1998 a pat\u0159\u00ed mezi evropsk\u00e9 l\u00eddry ve v\u00fdvoji univerz\u00e1ln\u00edch kotl\u016f na biomasu, uhl\u00ed, alternativn\u00ed pelety a dal\u0161\u00ed typy nestandardn\u00edch paliv.<\/p>\n<p>c) <strong>Kvalitn\u00ed CNC stroje<\/strong> a vysok\u00e1 s\u00e9riovost v\u00fdroby umo\u017e\u0148uj\u00ed dod\u00e1vat p\u0159estavbov\u00e9 sady ve vysok\u00e9m standardu d\u00edlensk\u00e9ho zpracov\u00e1n\u00ed p\u0159i zachov\u00e1n\u00ed p\u0159\u00edzniv\u00e9 ceny.<\/p>\n<p>d) BENEKOV na p\u0159estavbov\u00fdch sad\u00e1ch vyu\u017e\u00edv\u00e1 dlouhodob\u011b odzkou\u0161en\u00e9 <strong>elektrokomponenty zna\u010dkov\u00fdch v\u00fdrobc\u016f jako je Siemens<\/strong> nebo EBM, kter\u00e9 zaru\u010duj\u00ed dlouhou \u017eivotnost.<\/p>\n<p>e) \u0158\u00edd\u00edc\u00ed jednotka BENEKOV EM 250, dlouhodob\u011b vyu\u017e\u00edvan\u00e1 na v\u00edce ne\u017e 3000 kotl\u016f dodan\u00fdch firmou BENEKOV, zaru\u010duje <strong>jednoduchou obsluhu a vysokou m\u00edru spolehlivosti kotle.<\/strong><\/p>\n<p>f) Vyu\u017eit\u00ed modern\u00edch motor\u016f a ventil\u00e1tor\u016f znamen\u00e1 <strong>velkou \u00fasporu n\u00e1klad\u016f na elekt\u0159inu.<\/strong> Denn\u00ed spot\u0159eba elektrick\u00e9 energie na provoz motoru a ventil\u00e1toru se obvykle pohybuje na \u00farovni od 0,7 do 1,3 kWh.<\/p>\n<p>g) V\u0161echny sady proch\u00e1z\u00ed d\u016fkladnou v\u00fdstupn\u00ed kontrolou, v\u00fdrobce na dodan\u00e9 d\u00edly poskytuje <strong>z\u00e1ruku a \u0161irok\u00e9 technick\u00e9 z\u00e1zem\u00ed<\/strong> p\u0159es odborn\u00e9 servisn\u00ed a mont\u00e1\u017en\u00ed firmy.<\/p>\n<h3>P\u0159\u00edklad p\u0159estavby standardn\u00edho 5-ti \u010dl\u00e1nkov\u00e9ho kotle\u00a0&#8211; technick\u00e9 \u00fadaje<\/h3>\n<p><strong>\u00a0<\/strong><\/p>\n<table border=\"0\">\n<tbody>\n<tr>\n<td>Hmotnost p\u0159estavbov\u00e9 sady<\/td>\n<td>kg<\/td>\n<td>155<\/td>\n<\/tr>\n<tr>\n<td>Jmenovit\u00fd v\u00fdkon ho\u0159\u00e1ku<\/td>\n<td>kW<\/td>\n<td>25<\/td>\n<\/tr>\n<tr>\n<td>Regulovateln\u00fd v\u00fdkon ho\u0159\u00e1ku<\/td>\n<td>kW<\/td>\n<td>7,5 &#8211; 25<\/td>\n<\/tr>\n<tr>\n<td>Obsah z\u00e1sobn\u00edku paliva<\/td>\n<td>l<\/td>\n<td>280<\/td>\n<\/tr>\n<tr>\n<td>Rozm\u011bry kotle: \u0161 x h x v<\/td>\n<td>mm<\/td>\n<td>1242 x 845 x 1550<\/td>\n<\/tr>\n<tr>\n<td>Po\u017eadovan\u00fd kom\u00ednov\u00fd tah<\/td>\n<td>mbar<\/td>\n<td>0,15 &#8211; 0,20<\/td>\n<\/tr>\n<tr>\n<td>Doba ho\u0159en\u00ed p\u0159i jmenovit\u00e9m v\u00fdkonu a pln\u00e9m z\u00e1sobn\u00edku paliva<\/td>\n<td>hod<\/td>\n<td>34<\/td>\n<\/tr>\n<\/tbody>\n<\/table>\n","protected":false},"excerpt":{"rendered":"<p>nov\u00fd pohled na vyt\u00e1p\u011bn\u00ed tuh\u00fdmi palivy Stovky tis\u00edc dom\u00e1cnost\u00ed v\u00a0\u010cR vyu\u017e\u00edvaj\u00ed pro vyt\u00e1p\u011bn\u00ed sv\u00fdch dom\u016f klasick\u00e9 litinov\u00e9 kotle na tuh\u00e1 paliva. Ty dok\u00e1\u017e\u00ed spalovat \u0161irokou \u0161k\u00e1lu paliv a investice do nich jsou n\u00edzk\u00e9. Tato za\u0159\u00edzen\u00ed maj\u00ed ale t\u0159i velk\u00e9 nev\u00fdhody: a) N\u00edzk\u00e1 provozn\u00ed \u00fa\u010dinnost b\u011b\u017en\u00e9ho litinov\u00e9ho kotle s\u00a0ru\u010dn\u00edm p\u0159ikl\u00e1d\u00e1n\u00edm paliva, kter\u00e1 se m\u016f\u017ee pohybovat na &hellip; <a href=\"https:\/\/montazkotlu.schiedek.cz\/?page_id=252\" class=\"more-link\">Pokra\u010dov\u00e1n\u00ed textu <span class=\"screen-reader-text\">Set pro p\u0159estavbu litinov\u00e9ho kotle<\/span> <span class=\"meta-nav\">&rarr;<\/span><\/a><\/p>\n","protected":false},"author":1,"featured_media":0,"parent":71,"menu_order":0,"comment_status":"closed","ping_status":"closed","template":"","meta":[],"_links":{"self":[{"href":"https:\/\/montazkotlu.schiedek.cz\/index.php?rest_route=\/wp\/v2\/pages\/252"}],"collection":[{"href":"https:\/\/montazkotlu.schiedek.cz\/index.php?rest_route=\/wp\/v2\/pages"}],"about":[{"href":"https:\/\/montazkotlu.schiedek.cz\/index.php?rest_route=\/wp\/v2\/types\/page"}],"author":[{"embeddable":true,"href":"https:\/\/montazkotlu.schiedek.cz\/index.php?rest_route=\/wp\/v2\/users\/1"}],"replies":[{"embeddable":true,"href":"https:\/\/montazkotlu.schiedek.cz\/index.php?rest_route=%2Fwp%2Fv2%2Fcomments&post=252"}],"version-history":[{"count":10,"href":"https:\/\/montazkotlu.schiedek.cz\/index.php?rest_route=\/wp\/v2\/pages\/252\/revisions"}],"predecessor-version":[{"id":268,"href":"https:\/\/montazkotlu.schiedek.cz\/index.php?rest_route=\/wp\/v2\/pages\/252\/revisions\/268"}],"up":[{"embeddable":true,"href":"https:\/\/montazkotlu.schiedek.cz\/index.php?rest_route=\/wp\/v2\/pages\/71"}],"wp:attachment":[{"href":"https:\/\/montazkotlu.schiedek.cz\/index.php?rest_route=%2Fwp%2Fv2%2Fmedia&parent=252"}],"curies":[{"name":"wp","href":"https:\/\/api.w.org\/{rel}","templated":true}]}}