{"id":269,"date":"2014-03-21T20:30:57","date_gmt":"2014-03-21T19:30:57","guid":{"rendered":"http:\/\/montazkotlu.benekov.com\/?page_id=269"},"modified":"2014-03-26T00:24:32","modified_gmt":"2014-03-25T23:24:32","slug":"benekov-r100","status":"publish","type":"page","link":"https:\/\/montazkotlu.schiedek.cz\/?page_id=269","title":{"rendered":"BENEKOV R100"},"content":{"rendered":"<p><strong><a href=\"http:\/\/montazkotlu.benekov.com\/wp-content\/uploads\/2014\/03\/Vizualizace-BENEKOV-R-100-pohled-1.png\"><img decoding=\"async\" loading=\"lazy\" class=\"size-medium wp-image-274 alignleft\" alt=\"Vizualizace BENEKOV R 100 pohled 1\" src=\"http:\/\/montazkotlu.benekov.com\/wp-content\/uploads\/2014\/03\/Vizualizace-BENEKOV-R-100-pohled-1-300x240.png\" width=\"300\" height=\"240\" srcset=\"https:\/\/montazkotlu.schiedek.cz\/wp-content\/uploads\/2014\/03\/Vizualizace-BENEKOV-R-100-pohled-1-300x240.png 300w, https:\/\/montazkotlu.schiedek.cz\/wp-content\/uploads\/2014\/03\/Vizualizace-BENEKOV-R-100-pohled-1-1024x819.png 1024w, https:\/\/montazkotlu.schiedek.cz\/wp-content\/uploads\/2014\/03\/Vizualizace-BENEKOV-R-100-pohled-1.png 1500w\" sizes=\"(max-width: 300px) 100vw, 300px\" \/><\/a>automatick\u00fd kotel na spalov\u00e1n\u00ed d\u0159evn\u00edch pelet 4. t\u0159\u00eddy<a href=\"http:\/\/montazkotlu.benekov.com\/wp-content\/uploads\/2014\/03\/Vizualizace-\u0158EZ-BENEKOV-R-100.png\"><img decoding=\"async\" loading=\"lazy\" class=\"alignright size-medium wp-image-273\" alt=\"Vizualizace \u0158EZ BENEKOV R 100\" src=\"http:\/\/montazkotlu.benekov.com\/wp-content\/uploads\/2014\/03\/Vizualizace-\u0158EZ-BENEKOV-R-100-300x240.png\" width=\"300\" height=\"240\" srcset=\"https:\/\/montazkotlu.schiedek.cz\/wp-content\/uploads\/2014\/03\/Vizualizace-\u0158EZ-BENEKOV-R-100-300x240.png 300w, https:\/\/montazkotlu.schiedek.cz\/wp-content\/uploads\/2014\/03\/Vizualizace-\u0158EZ-BENEKOV-R-100-1024x819.png 1024w, https:\/\/montazkotlu.schiedek.cz\/wp-content\/uploads\/2014\/03\/Vizualizace-\u0158EZ-BENEKOV-R-100.png 1500w\" sizes=\"(max-width: 300px) 100vw, 300px\" \/><\/a><br \/>\n<\/strong><\/p>\n<table style=\"margin: 0; padding: 0; width: auto; font-size: 12px; line-height: 0.8;\">\n<tbody>\n<tr>\n<td>Jmenovit\u00fd v\u00fdkon<\/td>\n<td>99 kW<\/td>\n<\/tr>\n<tr>\n<td>Hmotnost<\/td>\n<td>1350 kg<\/td>\n<\/tr>\n<tr>\n<td>Obsah z\u00e1sobn\u00edku paliva<\/td>\n<td>500 l<\/td>\n<\/tr>\n<tr>\n<td>\u00da\u010dinnost<\/td>\n<td>&lt; 91 %<\/td>\n<\/tr>\n<tr>\n<td>T\u0159\u00edda kotle dle normy \u010cSN EN 303-5<\/td>\n<td>4<\/td>\n<\/tr>\n<tr>\n<td>P\u0159\u00edkon<\/td>\n<td>497 W<\/td>\n<\/tr>\n<\/tbody>\n<\/table>\n<p>&nbsp;<\/p>\n<div>\n<h3><strong><strong>\u00a0\u00a0\u00a0 \u00a0 \u00a0 <\/strong><\/strong>P\u0159ednosti kotle<\/h3>\n<ul>\n<li>\u00a0mo\u017enost spalov\u00e1n\u00ed obnoviteln\u00e9ho zdroje energie v podob\u011b d\u0159ev\u011bn\u00fdch pelet<\/li>\n<\/ul>\n<ul>\n<li>\u00a0mechanick\u00fd p\u0159\u00edsun paliva z vestav\u011bn\u00e9ho z\u00e1sobn\u00edku do spalovac\u00ed komory<\/li>\n<\/ul>\n<ul>\n<li>\u00a0jednoduch\u00e1, \u010dasov\u011b nen\u00e1ro\u010dn\u00e1 obsluha a \u00fadr\u017eba<\/li>\n<\/ul>\n<ul>\n<li>\u00a0n\u00edzk\u00e1 emisn\u00ed z\u00e1t\u011b\u017e pro okol\u00ed<\/li>\n<\/ul>\n<ul>\n<li>3-tahov\u00e1 konstrukce kotlov\u00e9ho t\u011blesa zaru\u010duj\u00edc\u00ed vysokou \u00fa\u010dinnost<\/li>\n<\/ul>\n<ul>\n<li>automatick\u00e9 zapalov\u00e1n\u00ed, odtah spalin kotle v z\u00e1kladn\u00ed v\u00fdbav\u011b<\/li>\n<li>automatick\u00e9 \u010di\u0161t\u011bn\u00ed v\u00fdm\u011bn\u00edku v z\u00e1kladn\u00ed v\u00fdbav\u011b<\/li>\n<\/ul>\n<ul>\n<li>\u0159\u00edd\u00edc\u00ed jednotka Siemens Climatix s lambda sondou umo\u017e\u0148uj\u00ed modulovan\u00e9 \u0159\u00edzen\u00ed v\u00fdkonu v cel\u00e9 v\u00fdkonov\u00e9m rozsahu<\/li>\n<li>Climatix obsahuje ekvitermn\u00ed regulaci, \u0159\u00edzen\u00ed 2 topn\u00fdch okruh\u016f a napojen\u00ed na akumula\u010dn\u00ed n\u00e1dr\u017e. Tato \u0159\u00edd\u00edc\u00ed jednotka um\u00ed \u0159\u00edd\u00edt kask\u00e1du celkem 4 kotl\u016f, kter\u00e9 mohou b\u00fdt spole\u010dn\u011b napojeny a\u017e do celkov\u00e9ho v\u00fdkonu cca 400 kW.<\/li>\n<\/ul>\n<ul>\n<li>kotel v\u010detn\u011b kotlov\u00e9ho t\u011blesa lze rozlo\u017eit na n\u011bkolik men\u0161\u00edch celk\u016f, co\u017e zjednodu\u0161uje jeho dopravu do kotelny a mont\u00e1\u017e<\/li>\n<li>masivn\u00ed litinov\u00fd ho\u0159\u00e1k zaru\u010duje dlouhou \u017eivotnost.<\/li>\n<li>oto\u010dn\u00fd ro\u0161t, kter\u00fd je sou\u010d\u00e1st\u00ed ho\u0159\u00e1ku, umo\u017e\u0148uje spalov\u00e1n\u00ed i m\u00e9n\u011b kvalitn\u00edch druh\u016f pelet s obsahem k\u016fry<\/li>\n<\/ul>\n<h3><strong><strong>\u00a0\u00a0\u00a0\u00a0\u00a0\u00a0 <\/strong><\/strong>Provoz kotle<\/h3>\n<div>\n<p>Stejn\u011b jako u dal\u0161\u00edch na\u0161ich v\u00fdrobk\u016f, bezpe\u010dn\u00fd provoz kotle zaji\u0161\u0165uje havarijn\u00ed termostat, slou\u017e\u00edc\u00ed k ochran\u011b otopn\u00e9ho syst\u00e9mu proti p\u0159eh\u0159\u00e1t\u00ed. Motor \u0161nekov\u00e9ho pod\u00e1vac\u00edho za\u0159\u00edzen je proti p\u0159et\u00ed\u017een\u00ed vybaven termo-pojistkou. Tavn\u00e1 tepeln\u00e1 pojistka zabezpe\u010duje kotel proti proho\u0159en\u00ed paliva do z\u00e1sobn\u00edku paliva\u00a0 p\u0159i v\u00fdpadku elektrick\u00e9ho proudu na del\u0161\u00ed dobu.<\/p>\n<p>Pod\u00e1vac\u00ed mechanismus a z\u00e1sobn\u00edk paliva je odd\u011blen turniketem, kter\u00fd zabra\u0148uje zaho\u0159en\u00ed ohn\u011b do z\u00e1sobn\u00edku paliva.<\/p>\n<\/div>\n<h3><strong><strong>\u00a0\u00a0\u00a0\u00a0\u00a0\u00a0 <\/strong><\/strong>Rozm\u011bry a technick\u00e9 parametry kotle BENEKOV R100<\/h3>\n<table style=\"margin: 0; padding: 0; width: auto; font-size: 12px; line-height: 0.8;\" border=\"0\">\n<tbody>\n<tr>\n<td>Hmotnost<\/td>\n<td>kg<\/td>\n<td>1370<\/td>\n<\/tr>\n<tr>\n<td>Obsah vodn\u00edho prostoru<\/td>\n<td>dm3<\/td>\n<td>370<\/td>\n<\/tr>\n<tr>\n<td>Pr\u016fm\u011br kou\u0159ovodu<\/td>\n<td>mm<\/td>\n<td>250<\/td>\n<\/tr>\n<tr>\n<td>Teplosm\u011bnn\u00e1 plocha kotle<\/td>\n<td>m2<\/td>\n<td>11,2<\/td>\n<\/tr>\n<tr>\n<td>Kapacita z\u00e1sobn\u00edku paliva<\/td>\n<td>dm3<\/td>\n<td>500<\/td>\n<\/tr>\n<tr>\n<td>Rozm\u011bry kotle: \u0161 x h x v<\/td>\n<td>mm<\/td>\n<td>1750x1922x2017<\/td>\n<\/tr>\n<tr>\n<td>Rozm\u011br pln\u00edc\u00edho otvoru v z\u00e1sobn\u00edku paliva<\/td>\n<td>mm<\/td>\n<td>610&#215;1196<\/td>\n<\/tr>\n<tr>\n<td>T\u0159\u00edda kotle dle \u010cSN EN 303-5<\/td>\n<td><\/td>\n<td>4<\/td>\n<\/tr>\n<tr>\n<td>Pracovn\u00ed p\u0159etlak vody<\/td>\n<td>bar (kPa)<\/td>\n<td>2,0 (200)<\/td>\n<\/tr>\n<tr>\n<td>Zku\u0161ebn\u00ed p\u0159etlak vody<\/td>\n<td>bar (kPa)<\/td>\n<td>4,0 (400)<\/td>\n<\/tr>\n<tr>\n<td>Doporu\u010den\u00e1 provozn\u00ed teplota topn\u00e9 vody<\/td>\n<td>\u00b0C<\/td>\n<td>65 &#8211; 80<\/td>\n<\/tr>\n<tr>\n<td>Nejmen\u0161\u00ed teplota vstupn\u00ed vody<\/td>\n<td>\u00b0C<\/td>\n<td>60<\/td>\n<\/tr>\n<tr>\n<td><strong>Hydraulick\u00e1 ztr\u00e1ta kotle<\/strong><\/td>\n<td><\/td>\n<td><\/td>\n<\/tr>\n<tr>\n<td>\u2206 T = 10 K<\/td>\n<td>mbar<\/td>\n<td>1,5<\/td>\n<\/tr>\n<tr>\n<td>\u2206 T = 20 K<\/td>\n<td>mbar<\/td>\n<td>0,4<\/td>\n<\/tr>\n<tr>\n<td>Hladina hluku<\/td>\n<td>dB<\/td>\n<td>&lt; 65dB (A)<\/td>\n<\/tr>\n<tr>\n<td>Kom\u00ednov\u00fd tah<\/td>\n<td>mbar<\/td>\n<td>0,25 \u2013 0,35<\/td>\n<\/tr>\n<tr>\n<td><strong>P\u0159\u00edpojky kotle<\/strong><\/td>\n<td><\/td>\n<td><\/td>\n<\/tr>\n<tr>\n<td>&#8211; topn\u00e1 voda<\/td>\n<td>Js<\/td>\n<td>G 2\u201d<\/td>\n<\/tr>\n<tr>\n<td>&#8211; vratn\u00e1 voda<\/td>\n<td>Js<\/td>\n<td>G 2\u201d<\/td>\n<\/tr>\n<tr>\n<td>P\u0159ipojovac\u00ed nap\u011bt\u00ed<\/td>\n<td><\/td>\n<td>1 PEN ~ 50 Hz\u00a0\u00a0 230 V<\/td>\n<\/tr>\n<tr>\n<td>Max. el. p\u0159\u00edkon (ventil\u00e1tor + pohon)<\/td>\n<td>W<\/td>\n<td>497<\/td>\n<\/tr>\n<tr>\n<td>Elektrick\u00e9 kryt\u00ed<\/td>\n<td><\/td>\n<td>IP 20<\/td>\n<\/tr>\n<\/tbody>\n<\/table>\n<p>&nbsp;<\/p>\n<\/div>\n","protected":false},"excerpt":{"rendered":"<p>automatick\u00fd kotel na spalov\u00e1n\u00ed d\u0159evn\u00edch pelet 4. t\u0159\u00eddy Jmenovit\u00fd v\u00fdkon 99 kW Hmotnost 1350 kg Obsah z\u00e1sobn\u00edku paliva 500 l \u00da\u010dinnost &lt; 91 % T\u0159\u00edda kotle dle normy \u010cSN EN 303-5 4 P\u0159\u00edkon 497 W &nbsp; \u00a0\u00a0\u00a0 \u00a0 \u00a0 P\u0159ednosti kotle \u00a0mo\u017enost spalov\u00e1n\u00ed obnoviteln\u00e9ho zdroje energie v podob\u011b d\u0159ev\u011bn\u00fdch pelet \u00a0mechanick\u00fd p\u0159\u00edsun paliva z vestav\u011bn\u00e9ho &hellip; <a href=\"https:\/\/montazkotlu.schiedek.cz\/?page_id=269\" class=\"more-link\">Pokra\u010dov\u00e1n\u00ed textu <span class=\"screen-reader-text\">BENEKOV R100<\/span> <span class=\"meta-nav\">&rarr;<\/span><\/a><\/p>\n","protected":false},"author":1,"featured_media":0,"parent":71,"menu_order":0,"comment_status":"closed","ping_status":"closed","template":"","meta":[],"_links":{"self":[{"href":"https:\/\/montazkotlu.schiedek.cz\/index.php?rest_route=\/wp\/v2\/pages\/269"}],"collection":[{"href":"https:\/\/montazkotlu.schiedek.cz\/index.php?rest_route=\/wp\/v2\/pages"}],"about":[{"href":"https:\/\/montazkotlu.schiedek.cz\/index.php?rest_route=\/wp\/v2\/types\/page"}],"author":[{"embeddable":true,"href":"https:\/\/montazkotlu.schiedek.cz\/index.php?rest_route=\/wp\/v2\/users\/1"}],"replies":[{"embeddable":true,"href":"https:\/\/montazkotlu.schiedek.cz\/index.php?rest_route=%2Fwp%2Fv2%2Fcomments&post=269"}],"version-history":[{"count":7,"href":"https:\/\/montazkotlu.schiedek.cz\/index.php?rest_route=\/wp\/v2\/pages\/269\/revisions"}],"predecessor-version":[{"id":484,"href":"https:\/\/montazkotlu.schiedek.cz\/index.php?rest_route=\/wp\/v2\/pages\/269\/revisions\/484"}],"up":[{"embeddable":true,"href":"https:\/\/montazkotlu.schiedek.cz\/index.php?rest_route=\/wp\/v2\/pages\/71"}],"wp:attachment":[{"href":"https:\/\/montazkotlu.schiedek.cz\/index.php?rest_route=%2Fwp%2Fv2%2Fmedia&parent=269"}],"curies":[{"name":"wp","href":"https:\/\/api.w.org\/{rel}","templated":true}]}}