{"id":280,"date":"2014-03-21T20:59:42","date_gmt":"2014-03-21T19:59:42","guid":{"rendered":"http:\/\/montazkotlu.benekov.com\/?page_id=280"},"modified":"2014-03-26T00:11:10","modified_gmt":"2014-03-25T23:11:10","slug":"benekov-c100","status":"publish","type":"page","link":"https:\/\/montazkotlu.schiedek.cz\/?page_id=280","title":{"rendered":"BENEKOV C100"},"content":{"rendered":"<p><strong><\/strong><strong> <a href=\"http:\/\/montazkotlu.benekov.com\/wp-content\/uploads\/2014\/03\/C-100-pohled-012.png\"><img decoding=\"async\" loading=\"lazy\" class=\"alignleft size-medium wp-image-285\" alt=\"C 100 pohled 01\" src=\"http:\/\/montazkotlu.benekov.com\/wp-content\/uploads\/2014\/03\/C-100-pohled-012-300x240.png\" width=\"300\" height=\"240\" srcset=\"https:\/\/montazkotlu.schiedek.cz\/wp-content\/uploads\/2014\/03\/C-100-pohled-012-300x240.png 300w, https:\/\/montazkotlu.schiedek.cz\/wp-content\/uploads\/2014\/03\/C-100-pohled-012-1024x819.png 1024w, https:\/\/montazkotlu.schiedek.cz\/wp-content\/uploads\/2014\/03\/C-100-pohled-012.png 1500w\" sizes=\"(max-width: 300px) 100vw, 300px\" \/><\/a>automatick\u00fd kotel na spalov\u00e1n\u00ed uhl\u00ed<a href=\"http:\/\/montazkotlu.benekov.com\/wp-content\/uploads\/2014\/03\/C-100-pohled-032.png\"><img decoding=\"async\" loading=\"lazy\" class=\"alignright size-medium wp-image-284\" alt=\"C 100 pohled 03\" src=\"http:\/\/montazkotlu.benekov.com\/wp-content\/uploads\/2014\/03\/C-100-pohled-032-300x240.png\" width=\"300\" height=\"240\" srcset=\"https:\/\/montazkotlu.schiedek.cz\/wp-content\/uploads\/2014\/03\/C-100-pohled-032-300x240.png 300w, https:\/\/montazkotlu.schiedek.cz\/wp-content\/uploads\/2014\/03\/C-100-pohled-032-1024x819.png 1024w, https:\/\/montazkotlu.schiedek.cz\/wp-content\/uploads\/2014\/03\/C-100-pohled-032.png 1500w\" sizes=\"(max-width: 300px) 100vw, 300px\" \/><\/a><br \/>\n<\/strong><\/p>\n<table style=\"margin: 0; padding: 0; width: auto; font-size: 12px; line-height: 0.8;\">\n<tbody>\n<tr>\n<td>Jmenovit\u00fd v\u00fdkon<\/td>\n<td>99 kW<\/td>\n<\/tr>\n<tr>\n<td>Hmotnost<\/td>\n<td>1320 kg<\/td>\n<\/tr>\n<tr>\n<td>Obsah z\u00e1sobn\u00edku paliva<\/td>\n<td>500 l<\/td>\n<\/tr>\n<tr>\n<td>\u00da\u010dinnost<\/td>\n<td>&lt; 85 %<\/td>\n<\/tr>\n<tr>\n<td>T\u0159\u00edda kotle dle normy \u010cSN EN 303-5<\/td>\n<td>3<\/td>\n<\/tr>\n<tr>\n<td>P\u0159\u00edkon<\/td>\n<td>347 W<\/td>\n<\/tr>\n<\/tbody>\n<\/table>\n<h3><strong>\u00a0\u00a0\u00a0\u00a0\u00a0\u00a0\u00a0 P\u0159ednosti kotle<\/strong><\/h3>\n<ul>\n<li>\u00a0automatick\u00fd provoz kotle<\/li>\n<\/ul>\n<ul>\n<li>\u00a0mechanick\u00fd p\u0159\u00edsun paliva z vestav\u011bn\u00e9ho z\u00e1sobn\u00edku do spalovac\u00ed komory<\/li>\n<\/ul>\n<ul>\n<li>\u00a0jednoduch\u00e1, \u010dasov\u011b nen\u00e1ro\u010dn\u00e1 obsluha a \u00fadr\u017eba<\/li>\n<\/ul>\n<ul>\n<li>\u00a0n\u00edzk\u00e9 provozn\u00ed n\u00e1klady<\/li>\n<\/ul>\n<ul>\n<li>\u00a0modulace tepeln\u00e9ho v\u00fdkonu v cel\u00e9m v\u00fdkonov\u00e9m rozsahu<\/li>\n<\/ul>\n<ul>\n<li>\u00a0n\u00edzk\u00e1 emisn\u00ed z\u00e1t\u011b\u017e pro okol\u00ed<\/li>\n<\/ul>\n<ul>\n<li>\u00a03-tahov\u00e1 konstrukce kotlov\u00e9ho t\u011blesa zaru\u010duj\u00edc\u00ed vysokou \u00fa\u010dinnost<\/li>\n<\/ul>\n<ul>\n<li>\u00a0kotel v\u010detn\u011b kotlov\u00e9ho t\u011blesa lze rozlo\u017eit na n\u011bkolik men\u0161\u00edch celk\u016f, co\u017e zjednodu\u0161uje jeho dopravu do kotelny a mont\u00e1\u017e<\/li>\n<li>modern\u00ed design<\/li>\n<li>\u0159\u00edd\u00edc\u00ed jednotka Siemens Climatix s ekvitermn\u00ed regulac\u00ed, mo\u017enost\u00ed \u0159\u00edzen\u00ed 2 topn\u00fdch okruh\u016f a s mo\u017enost\u00ed napojen\u00ed na vzd\u00e1len\u00fd p\u0159\u00edstup p\u0159es internet..<\/li>\n<\/ul>\n<h3><strong><strong>\u00a0\u00a0\u00a0\u00a0\u00a0\u00a0 <\/strong><\/strong>Provoz kotle<\/h3>\n<p>Stejn\u011b jako u dal\u0161\u00edch na\u0161ich v\u00fdrobk\u016f, bezpe\u010dn\u00fd provoz kotle zaji\u0161\u0165uje havarijn\u00ed termostat, slou\u017e\u00edc\u00ed k ochran\u011b otopn\u00e9ho syst\u00e9mu proti p\u0159eh\u0159\u00e1t\u00ed. Motor \u0161nekov\u00e9ho pod\u00e1vac\u00edho za\u0159\u00edzen je proti p\u0159et\u00ed\u017een\u00ed vybaven termo-pojistkou. Tavn\u00e1 tepeln\u00e1 pojistka zabezpe\u010duje kotel proti proho\u0159en\u00ed paliva do z\u00e1sobn\u00edku paliva p\u0159i v\u00fdpadku elektrick\u00e9ho proudu na del\u0161\u00ed dobu<\/p>\n<h3><strong><strong>\u00a0\u00a0\u00a0\u00a0\u00a0\u00a0 <\/strong><\/strong>Rozm\u011bry a technick\u00e9 parametry kotle BENEKOV C100<\/h3>\n<table style=\"margin: 0; padding: 0; width: auto; font-size: 12px; line-height: 0.8;\" border=\"0\">\n<tbody>\n<tr>\n<td>Hmotnost<\/td>\n<td>kg<\/td>\n<td>1320<\/td>\n<\/tr>\n<tr>\n<td>Obsah vodn\u00edho prostoru<\/td>\n<td>dm3<\/td>\n<td>370<\/td>\n<\/tr>\n<tr>\n<td>Pr\u016fm\u011br kou\u0159ovodu<\/td>\n<td>mm<\/td>\n<td>250<\/td>\n<\/tr>\n<tr>\n<td>Teplosm\u011bnn\u00e1 plocha kotle<\/td>\n<td>m2<\/td>\n<td>11,2<\/td>\n<\/tr>\n<tr>\n<td>Kapacita z\u00e1sobn\u00edku paliva<\/td>\n<td>dm3<\/td>\n<td>500<\/td>\n<\/tr>\n<tr>\n<td>Rozm\u011bry kotle: \u0161 x h x v<\/td>\n<td>mm<\/td>\n<td>1750x1682x2017<\/td>\n<\/tr>\n<tr>\n<td>Rozm\u011br pln\u00edc\u00edho otvoru z\u00e1sobn\u00edku paliva<\/td>\n<td>mm<\/td>\n<td>610&#215;1196<\/td>\n<\/tr>\n<tr>\n<td>T\u0159\u00edda kotle dle \u010cSN EN 303-5<\/td>\n<td><\/td>\n<td>3<\/td>\n<\/tr>\n<tr>\n<td>Pracovn\u00ed p\u0159etlak vody<\/td>\n<td>bar (kPa)<\/td>\n<td>2 (200)<\/td>\n<\/tr>\n<tr>\n<td>Zku\u0161ebn\u00ed p\u0159etlak vody<\/td>\n<td>bar (kPa)<\/td>\n<td>4,0 (400)<\/td>\n<\/tr>\n<tr>\n<td>Doporu\u010den\u00e1 provozn\u00ed teplota topn\u00e9 vody<\/td>\n<td>\u00b0C<\/td>\n<td>65 &#8211; 80<\/td>\n<\/tr>\n<tr>\n<td>Nejmen\u0161\u00ed teplota vstupn\u00ed vody<\/td>\n<td>\u00b0C<\/td>\n<td>60<\/td>\n<\/tr>\n<tr>\n<td><strong>Hydraulick\u00e1 ztr\u00e1ta kotle<\/strong><\/td>\n<td><\/td>\n<td><\/td>\n<\/tr>\n<tr>\n<td>\u2206 T = 10 K<\/td>\n<td>mbar<\/td>\n<td>1,5<\/td>\n<\/tr>\n<tr>\n<td>\u2206 T = 20 K<\/td>\n<td>mbar<\/td>\n<td>0,4<\/td>\n<\/tr>\n<tr>\n<td>Hladina hluku<\/td>\n<td>dB<\/td>\n<td>&lt; 65dB (A)<\/td>\n<\/tr>\n<tr>\n<td>Kom\u00ednov\u00fd tah<\/td>\n<td>mbar<\/td>\n<td>0,15 \u2013 0,20<\/td>\n<\/tr>\n<tr>\n<td><strong>P\u0159\u00edpojky kotle<\/strong><\/td>\n<td><\/td>\n<td><\/td>\n<\/tr>\n<tr>\n<td>&#8211; topn\u00e1 voda<\/td>\n<td>Js<\/td>\n<td>G 2\u201d<\/td>\n<\/tr>\n<tr>\n<td>&#8211; vratn\u00e1 voda<\/td>\n<td>Js<\/td>\n<td>G 2\u201d<\/td>\n<\/tr>\n<tr>\n<td>P\u0159ipojovac\u00ed nap\u011bt\u00ed<\/td>\n<td><\/td>\n<td>1 PEN ~ 50 Hz\u00a0\u00a0 230 V TN-S<\/td>\n<\/tr>\n<tr>\n<td>Max. el. p\u0159\u00edkon (ventil\u00e1tor + pohon)<\/td>\n<td>W<\/td>\n<td>347<\/td>\n<\/tr>\n<tr>\n<td>Elektrick\u00e9 kryt\u00ed<\/td>\n<td><\/td>\n<td>IP 20<\/td>\n<\/tr>\n<\/tbody>\n<\/table>\n","protected":false},"excerpt":{"rendered":"<p>automatick\u00fd kotel na spalov\u00e1n\u00ed uhl\u00ed Jmenovit\u00fd v\u00fdkon 99 kW Hmotnost 1320 kg Obsah z\u00e1sobn\u00edku paliva 500 l \u00da\u010dinnost &lt; 85 % T\u0159\u00edda kotle dle normy \u010cSN EN 303-5 3 P\u0159\u00edkon 347 W \u00a0\u00a0\u00a0\u00a0\u00a0\u00a0\u00a0 P\u0159ednosti kotle \u00a0automatick\u00fd provoz kotle \u00a0mechanick\u00fd p\u0159\u00edsun paliva z vestav\u011bn\u00e9ho z\u00e1sobn\u00edku do spalovac\u00ed komory \u00a0jednoduch\u00e1, \u010dasov\u011b nen\u00e1ro\u010dn\u00e1 obsluha a \u00fadr\u017eba \u00a0n\u00edzk\u00e9 provozn\u00ed &hellip; <a href=\"https:\/\/montazkotlu.schiedek.cz\/?page_id=280\" class=\"more-link\">Pokra\u010dov\u00e1n\u00ed textu <span class=\"screen-reader-text\">BENEKOV C100<\/span> <span class=\"meta-nav\">&rarr;<\/span><\/a><\/p>\n","protected":false},"author":1,"featured_media":0,"parent":71,"menu_order":0,"comment_status":"closed","ping_status":"closed","template":"","meta":[],"_links":{"self":[{"href":"https:\/\/montazkotlu.schiedek.cz\/index.php?rest_route=\/wp\/v2\/pages\/280"}],"collection":[{"href":"https:\/\/montazkotlu.schiedek.cz\/index.php?rest_route=\/wp\/v2\/pages"}],"about":[{"href":"https:\/\/montazkotlu.schiedek.cz\/index.php?rest_route=\/wp\/v2\/types\/page"}],"author":[{"embeddable":true,"href":"https:\/\/montazkotlu.schiedek.cz\/index.php?rest_route=\/wp\/v2\/users\/1"}],"replies":[{"embeddable":true,"href":"https:\/\/montazkotlu.schiedek.cz\/index.php?rest_route=%2Fwp%2Fv2%2Fcomments&post=280"}],"version-history":[{"count":6,"href":"https:\/\/montazkotlu.schiedek.cz\/index.php?rest_route=\/wp\/v2\/pages\/280\/revisions"}],"predecessor-version":[{"id":462,"href":"https:\/\/montazkotlu.schiedek.cz\/index.php?rest_route=\/wp\/v2\/pages\/280\/revisions\/462"}],"up":[{"embeddable":true,"href":"https:\/\/montazkotlu.schiedek.cz\/index.php?rest_route=\/wp\/v2\/pages\/71"}],"wp:attachment":[{"href":"https:\/\/montazkotlu.schiedek.cz\/index.php?rest_route=%2Fwp%2Fv2%2Fmedia&parent=280"}],"curies":[{"name":"wp","href":"https:\/\/api.w.org\/{rel}","templated":true}]}}