{"id":335,"date":"2014-03-22T16:28:47","date_gmt":"2014-03-22T15:28:47","guid":{"rendered":"http:\/\/montazkotlu.benekov.com\/?page_id=335"},"modified":"2018-06-27T14:14:01","modified_gmt":"2018-06-27T13:14:01","slug":"kontakt","status":"publish","type":"page","link":"https:\/\/montazkotlu.schiedek.cz\/?page_id=335","title":{"rendered":"KONTAKT"},"content":{"rendered":"<h4>Adresa:<\/h4>\n<p><strong>Ing. David Schiedek<\/strong><br \/>\nNa L\u00e1nech 984\/10<br \/>\n747 23 Bolatice<\/p>\n<p>tel: <strong>606 125 533<\/strong><br \/>\nemail: david.schiedek@benekov.com<br \/>\nI\u010c: 866 70 590<br \/>\nDI\u010c: CZ7906145511<\/p>\n<table style=\"visibility:hidden;\">\n<tbody>\n<tr>\n<td><strong>Tom\u00e1\u0161 \u010cech<\/strong><\/td>\n<td><strong>Jaroslav \u010cern\u00fd<\/strong><\/td>\n<td>\u00a0<strong>Ale\u0161 Trnavsk\u00fd<\/strong><\/td>\n<\/tr>\n<tr>\n<td>Lesn\u00ed Albrechtice 64<\/td>\n<td>\u00a0Stiborsk\u00e1 547<\/td>\n<td>\u00a0Doln\u00ed n\u00e1m\u011bst\u00ed 14\/12<\/td>\n<\/tr>\n<tr>\n<td>749 01 B\u0159ezov\u00e1<\/td>\n<td>\u00a0747 27 Kobe\u0159ice<\/td>\n<td>\u00a0746 01 Opava<\/td>\n<\/tr>\n<tr>\n<td>tel: <strong>604 404 377<\/strong><\/td>\n<td>\u00a0tel: <strong>776 330 009<\/strong><\/td>\n<td>\u00a0tel: <strong>702 913 004<\/strong><\/td>\n<\/tr>\n<tr>\n<td>email: tomino.cech@seznam.cz<\/td>\n<td>\u00a0email: intop.cerny@seznam.cz<\/td>\n<td>\u00a0email: trnavskya@seznam.cz<\/td>\n<\/tr>\n<\/tbody>\n<\/table>\n","protected":false},"excerpt":{"rendered":"<p>Adresa: Ing. David Schiedek Na L\u00e1nech 984\/10 747 23 Bolatice tel: 606 125 533 email: david.schiedek@benekov.com I\u010c: 866 70 590 DI\u010c: CZ7906145511 Tom\u00e1\u0161 \u010cech Jaroslav \u010cern\u00fd \u00a0Ale\u0161 Trnavsk\u00fd Lesn\u00ed Albrechtice 64 \u00a0Stiborsk\u00e1 547 \u00a0Doln\u00ed n\u00e1m\u011bst\u00ed 14\/12 749 01 B\u0159ezov\u00e1 \u00a0747 27 Kobe\u0159ice \u00a0746 01 Opava tel: 604 404 377 \u00a0tel: 776 330 009 \u00a0tel: 702 &hellip; <a href=\"https:\/\/montazkotlu.schiedek.cz\/?page_id=335\" class=\"more-link\">Pokra\u010dov\u00e1n\u00ed textu <span class=\"screen-reader-text\">KONTAKT<\/span> <span class=\"meta-nav\">&rarr;<\/span><\/a><\/p>\n","protected":false},"author":1,"featured_media":0,"parent":0,"menu_order":0,"comment_status":"closed","ping_status":"closed","template":"","meta":[],"_links":{"self":[{"href":"https:\/\/montazkotlu.schiedek.cz\/index.php?rest_route=\/wp\/v2\/pages\/335"}],"collection":[{"href":"https:\/\/montazkotlu.schiedek.cz\/index.php?rest_route=\/wp\/v2\/pages"}],"about":[{"href":"https:\/\/montazkotlu.schiedek.cz\/index.php?rest_route=\/wp\/v2\/types\/page"}],"author":[{"embeddable":true,"href":"https:\/\/montazkotlu.schiedek.cz\/index.php?rest_route=\/wp\/v2\/users\/1"}],"replies":[{"embeddable":true,"href":"https:\/\/montazkotlu.schiedek.cz\/index.php?rest_route=%2Fwp%2Fv2%2Fcomments&post=335"}],"version-history":[{"count":6,"href":"https:\/\/montazkotlu.schiedek.cz\/index.php?rest_route=\/wp\/v2\/pages\/335\/revisions"}],"predecessor-version":[{"id":677,"href":"https:\/\/montazkotlu.schiedek.cz\/index.php?rest_route=\/wp\/v2\/pages\/335\/revisions\/677"}],"wp:attachment":[{"href":"https:\/\/montazkotlu.schiedek.cz\/index.php?rest_route=%2Fwp%2Fv2%2Fmedia&parent=335"}],"curies":[{"name":"wp","href":"https:\/\/api.w.org\/{rel}","templated":true}]}}