{"id":372,"date":"2014-03-22T19:37:34","date_gmt":"2014-03-22T18:37:34","guid":{"rendered":"http:\/\/montazkotlu.benekov.com\/?page_id=372"},"modified":"2014-03-25T23:48:13","modified_gmt":"2014-03-25T22:48:13","slug":"kotle-na-pelety-4-emisni-tridy","status":"publish","type":"page","link":"https:\/\/montazkotlu.schiedek.cz\/?page_id=372","title":{"rendered":"Kotle na pelety 4. emisn\u00ed t\u0159\u00eddy"},"content":{"rendered":"<ul>\n<li><a title=\"BENEKOV C16p\" href=\"http:\/\/montazkotlu.benekov.com\/?page_id=291\">BENEKOV C16p (19 kW)<\/a><\/li>\n<li><a title=\"BENEKOV C26p\" href=\"http:\/\/montazkotlu.benekov.com\/?page_id=293\">BENEKOV C26p (25 kW)<\/a><\/li>\n<li><a title=\"BENEKOV C51p\" href=\"http:\/\/montazkotlu.benekov.com\/?page_id=295\">BENEKOV C51p (49 kW)<\/a><\/li>\n<li><a title=\"BENEKOV R16\" href=\"http:\/\/montazkotlu.benekov.com\/?page_id=412\">BENEKOV R16 (19 kW)<\/a><\/li>\n<li><a title=\"BENEKOV R26\" href=\"http:\/\/montazkotlu.benekov.com\/?page_id=417\">BENEKOV R26 (25 kW)<\/a><\/li>\n<li><a title=\"BENEKOV R51\" href=\"http:\/\/montazkotlu.benekov.com\/?page_id=421\">BENEKOV R51 (49 kW)<\/a><\/li>\n<li><a title=\"BENEKOV R100\" href=\"http:\/\/montazkotlu.benekov.com\/?page_id=269\">BENEKOV R100 (99 kW)<\/a><\/li>\n<\/ul>\n","protected":false},"excerpt":{"rendered":"<p>BENEKOV C16p (19 kW) BENEKOV C26p (25 kW) BENEKOV C51p (49 kW) BENEKOV R16 (19 kW) BENEKOV R26 (25 kW) BENEKOV R51 (49 kW) BENEKOV R100 (99 kW)<\/p>\n","protected":false},"author":1,"featured_media":0,"parent":0,"menu_order":0,"comment_status":"closed","ping_status":"closed","template":"","meta":[],"_links":{"self":[{"href":"https:\/\/montazkotlu.schiedek.cz\/index.php?rest_route=\/wp\/v2\/pages\/372"}],"collection":[{"href":"https:\/\/montazkotlu.schiedek.cz\/index.php?rest_route=\/wp\/v2\/pages"}],"about":[{"href":"https:\/\/montazkotlu.schiedek.cz\/index.php?rest_route=\/wp\/v2\/types\/page"}],"author":[{"embeddable":true,"href":"https:\/\/montazkotlu.schiedek.cz\/index.php?rest_route=\/wp\/v2\/users\/1"}],"replies":[{"embeddable":true,"href":"https:\/\/montazkotlu.schiedek.cz\/index.php?rest_route=%2Fwp%2Fv2%2Fcomments&post=372"}],"version-history":[{"count":3,"href":"https:\/\/montazkotlu.schiedek.cz\/index.php?rest_route=\/wp\/v2\/pages\/372\/revisions"}],"predecessor-version":[{"id":425,"href":"https:\/\/montazkotlu.schiedek.cz\/index.php?rest_route=\/wp\/v2\/pages\/372\/revisions\/425"}],"wp:attachment":[{"href":"https:\/\/montazkotlu.schiedek.cz\/index.php?rest_route=%2Fwp%2Fv2%2Fmedia&parent=372"}],"curies":[{"name":"wp","href":"https:\/\/api.w.org\/{rel}","templated":true}]}}