{"id":376,"date":"2014-03-22T19:38:29","date_gmt":"2014-03-22T18:38:29","guid":{"rendered":"http:\/\/montazkotlu.benekov.com\/?page_id=376"},"modified":"2017-06-29T12:05:26","modified_gmt":"2017-06-29T11:05:26","slug":"kotle-na-stepku-4-emisni-tridy","status":"publish","type":"page","link":"https:\/\/montazkotlu.schiedek.cz\/?page_id=376","title":{"rendered":"Kotle na \u0161t\u011bpku 5. emisn\u00ed t\u0159\u00eddy (Ekodesign)"},"content":{"rendered":"<ul>\n<li>BENEKOV S16 (19 kW) (ve v\u00fdvoji)<\/li>\n<li>BENEKOV S26 (25 kW)<\/li>\n<li>BENEKOV S51 (50 kW)<\/li>\n<\/ul>\n","protected":false},"excerpt":{"rendered":"<p>BENEKOV S16 (19 kW) (ve v\u00fdvoji) BENEKOV S26 (25 kW) BENEKOV S51 (50 kW)<\/p>\n","protected":false},"author":1,"featured_media":0,"parent":0,"menu_order":0,"comment_status":"closed","ping_status":"closed","template":"","meta":[],"_links":{"self":[{"href":"https:\/\/montazkotlu.schiedek.cz\/index.php?rest_route=\/wp\/v2\/pages\/376"}],"collection":[{"href":"https:\/\/montazkotlu.schiedek.cz\/index.php?rest_route=\/wp\/v2\/pages"}],"about":[{"href":"https:\/\/montazkotlu.schiedek.cz\/index.php?rest_route=\/wp\/v2\/types\/page"}],"author":[{"embeddable":true,"href":"https:\/\/montazkotlu.schiedek.cz\/index.php?rest_route=\/wp\/v2\/users\/1"}],"replies":[{"embeddable":true,"href":"https:\/\/montazkotlu.schiedek.cz\/index.php?rest_route=%2Fwp%2Fv2%2Fcomments&post=376"}],"version-history":[{"count":3,"href":"https:\/\/montazkotlu.schiedek.cz\/index.php?rest_route=\/wp\/v2\/pages\/376\/revisions"}],"predecessor-version":[{"id":635,"href":"https:\/\/montazkotlu.schiedek.cz\/index.php?rest_route=\/wp\/v2\/pages\/376\/revisions\/635"}],"wp:attachment":[{"href":"https:\/\/montazkotlu.schiedek.cz\/index.php?rest_route=%2Fwp%2Fv2%2Fmedia&parent=376"}],"curies":[{"name":"wp","href":"https:\/\/api.w.org\/{rel}","templated":true}]}}