{"id":421,"date":"2014-03-25T23:46:12","date_gmt":"2014-03-25T22:46:12","guid":{"rendered":"http:\/\/montazkotlu.benekov.com\/?page_id=421"},"modified":"2014-04-08T14:58:13","modified_gmt":"2014-04-08T13:58:13","slug":"benekov-r51","status":"publish","type":"page","link":"https:\/\/montazkotlu.schiedek.cz\/?page_id=421","title":{"rendered":"BENEKOV R51"},"content":{"rendered":"<p><strong> <a href=\"http:\/\/montazkotlu.benekov.com\/wp-content\/uploads\/2014\/03\/BENEKOV_C51_pohled_011.png\"><img decoding=\"async\" loading=\"lazy\" class=\"alignleft size-medium wp-image-300\" alt=\"BENEKOV_C51_pohled_01\" src=\"http:\/\/montazkotlu.benekov.com\/wp-content\/uploads\/2014\/03\/BENEKOV_C51_pohled_011-300x240.png\" width=\"300\" height=\"240\" srcset=\"https:\/\/montazkotlu.schiedek.cz\/wp-content\/uploads\/2014\/03\/BENEKOV_C51_pohled_011-300x240.png 300w, https:\/\/montazkotlu.schiedek.cz\/wp-content\/uploads\/2014\/03\/BENEKOV_C51_pohled_011-1024x819.png 1024w, https:\/\/montazkotlu.schiedek.cz\/wp-content\/uploads\/2014\/03\/BENEKOV_C51_pohled_011.png 1500w\" sizes=\"(max-width: 300px) 100vw, 300px\" \/><\/a><strong>automatick\u00fd kotel na pelety 4. t\u0159\u00eddy o v\u00fdkonu 49 kW<a href=\"http:\/\/montazkotlu.benekov.com\/wp-content\/uploads\/2014\/03\/BENEKOV_C51_pohled_031.png\"><img decoding=\"async\" loading=\"lazy\" class=\"alignright size-medium wp-image-299\" alt=\"BENEKOV_C51_pohled_03\" src=\"http:\/\/montazkotlu.benekov.com\/wp-content\/uploads\/2014\/03\/BENEKOV_C51_pohled_031-300x240.png\" width=\"300\" height=\"240\" srcset=\"https:\/\/montazkotlu.schiedek.cz\/wp-content\/uploads\/2014\/03\/BENEKOV_C51_pohled_031-300x240.png 300w, https:\/\/montazkotlu.schiedek.cz\/wp-content\/uploads\/2014\/03\/BENEKOV_C51_pohled_031-1024x819.png 1024w, https:\/\/montazkotlu.schiedek.cz\/wp-content\/uploads\/2014\/03\/BENEKOV_C51_pohled_031.png 1500w\" sizes=\"(max-width: 300px) 100vw, 300px\" \/><\/a><\/strong><\/strong><\/p>\n<table style=\"margin: 0; padding: 0; width: auto; font-size: 12px; line-height: 0.8;\">\n<tbody>\n<tr>\n<td>Jmenovit\u00fd v\u00fdkon<\/td>\n<td>49 kW<\/td>\n<\/tr>\n<tr>\n<td>Hmotnost<\/td>\n<td>710 kg<\/td>\n<\/tr>\n<tr>\n<td>Obsah z\u00e1sobn\u00edku paliva<\/td>\n<td>450 l<\/td>\n<\/tr>\n<tr>\n<td>\u00da\u010dinnost<\/td>\n<td>&lt; 91 %<\/td>\n<\/tr>\n<tr>\n<td>T\u0159\u00edda kotle dle normy \u010cSN EN 303-5<\/td>\n<td>4<\/td>\n<\/tr>\n<tr>\n<td>P\u0159\u00edkon<\/td>\n<td>69 W<\/td>\n<\/tr>\n<tr>\n<td>SVT<\/td>\n<td><\/td>\n<\/tr>\n<\/tbody>\n<\/table>\n<h3><strong><strong><strong>\u00a0\u00a0\u00a0\u00a0 \u00a0\u00a0 <\/strong><\/strong>P\u0159ednosti kotle<\/strong><\/h3>\n<ul>\n<li>Kotel BENEKOV R51 je ur\u010den pro spalov\u00e1n\u00ed d\u0159evn\u00edch pelet pro vyt\u00e1p\u011bn\u00ed v\u011bt\u0161\u00edch objekt\u016f. Lze jej napojit do kask\u00e1dy maxim\u00e1ln\u011b 4 jednotek o celkov\u00e9m v\u00fdkonu cca 180 kW.<\/li>\n<li>\u0158\u00edd\u00edc\u00ed jednotka kotle umo\u017e\u0148uje plynulou modulaci kotle v cel\u00e9m rozsahu v\u00fdkonu od 13 do 44 kW. T\u00edmto je mo\u017en\u00e9 dos\u00e1hnout vysok\u00e9 provozn\u00ed \u00fa\u010dinnosti. Spole\u010dn\u011b s lambda sondou optimalizuje proces spalov\u00e1n\u00ed, \u010d\u00edm\u017e lze dos\u00e1hnout velmi n\u00edzk\u00fdch emis\u00ed.<\/li>\n<li>\u0158\u00edd\u00edc\u00ed jednotka kotle Siemens Climatix umo\u017e\u0148uje ovl\u00e1d\u00e1n\u00ed 2 topn\u00fdch okruh\u016f, obsahuje ekvitermn\u00ed regulaci a umo\u017e\u0148uje u\u017eivateli vzd\u00e1len\u00fd p\u0159\u00edstup ke kotli p\u0159es internet.<\/li>\n<li>P\u0159i instalaci automatick\u00e9ho zapalov\u00e1n\u00ed lze kotel nastavit tak, \u017ee se bude automaticky zap\u00ednat a vyp\u00ednat, co\u017e je vhodn\u00e9 p\u0159edev\u0161\u00edm p\u0159i kombinaci kotle s akumula\u010dn\u00ed n\u00e1dr\u017e\u00ed.<\/li>\n<li>Sou\u010d\u00e1st\u00ed z\u00e1kladn\u00ed v\u00fdbavy je automatick\u00e9 zapalov\u00e1n\u00ed, odtah spalin, automatick\u00e9 \u010di\u0161t\u011bn\u00ed v\u00fdm\u011bn\u00edku, lambda sonda, turniket a pohon turniketu.<\/li>\n<li>Velmi n\u00edzk\u00e1 emisn\u00ed z\u00e1t\u011b\u017e pro okol\u00ed odpov\u00eddaj\u00edc\u00ed 4. t\u0159\u00edd\u011b dle \u010cSN EN 303-5:2013<\/li>\n<li>Nadstandardn\u011b velk\u00fd popeln\u00edk a z\u00e1sobn\u00edk paliva ve srovn\u00e1n\u00ed s alternativn\u00edmi v\u00fdrobky na trhu.<\/li>\n<li>Dlouhodob\u00fd prodej tohoto v\u00fdrobku na \u010desk\u00e9m trhu umo\u017enil vytvo\u0159en\u00ed spolehliv\u00e9 servisn\u00ed s\u00edt\u011b na cel\u00e9m \u00fazem\u00ed \u010cesk\u00e9 republiky.<\/li>\n<li>Modern\u00ed design vyr\u00e1b\u011bn\u00fd na \u0161pi\u010dkov\u00fdch CNC technologi\u00edch.<\/li>\n<\/ul>\n<p>&nbsp;<\/p>\n<h3><strong>\u00a0\u00a0\u00a0\u00a0\u00a0\u00a0 Provoz kotle<\/strong><\/h3>\n<p>P\u0159i spalov\u00e1n\u00ed d\u0159evn\u00edch pelet je nutno vyn\u00e1\u0161et popel cca jednou za 2 a\u017e 5 t\u00fddn\u016f a z\u00e1sobn\u00edk paliva je nutno dopl\u0148ovat jednou za 1 a\u017e 3 dny podle intenzity provozu.<\/p>\n<p>Pokud jsou spalov\u00e1ny pelety s obsahem k\u016fry, je nutno prov\u00e1d\u011bt cca 1 x za m\u011bs\u00edc pravideln\u00e9 \u010di\u0161t\u011bn\u00ed ho\u0159\u00e1ku, kter\u00e9 zabere cca 20 minut.<\/p>\n<p>Stejn\u011b jako u dal\u0161\u00edch na\u0161ich v\u00fdrobk\u016f, bezpe\u010dn\u00fd provoz kotle zaji\u0161\u0165uje havarijn\u00ed termostat, slou\u017e\u00edc\u00ed k ochran\u011b otopn\u00e9ho syst\u00e9mu proti p\u0159eh\u0159\u00e1t\u00ed. Motor \u0161nekov\u00e9ho pod\u00e1vac\u00edho za\u0159\u00edzen je proti p\u0159et\u00ed\u017een\u00ed vybaven termo-pojistkou. Tavn\u00e1 tepeln\u00e1 pojistka zabezpe\u010duje kotel proti proho\u0159en\u00ed paliva do z\u00e1sobn\u00edku paliva p\u0159i v\u00fdpadku elektrick\u00e9ho proudu na del\u0161\u00ed dobu.<\/p>\n<p>Pod\u00e1vac\u00ed mechanismus a z\u00e1sobn\u00edk paliva je odd\u011blen turniketem, kter\u00fd zabra\u0148uje zaho\u0159en\u00ed ohn\u011b do z\u00e1sobn\u00edku paliva.<\/p>\n<p>&nbsp;<\/p>\n<p><strong>Mo\u017enosti zapojen\u00ed<\/strong><\/p>\n<p>\u0158\u00edd\u00edc\u00ed jednotka umo\u017e\u0148uje napojen\u00ed kotle do kask\u00e1dy, umo\u017e\u0148uje ovl\u00e1d\u00e1n\u00ed dvou topn\u00fdch okruh\u016f a napojen\u00ed na akumula\u010dn\u00ed n\u00e1dr\u017e. Doporu\u010den\u00e9 sch\u00e9mata zapojen\u00ed lze st\u00e1hnout na na\u0161ich webov\u00fdch str\u00e1nk\u00e1ch.<\/p>\n<p>&nbsp;<\/p>\n<h3>Rozm\u011bry a technick\u00e9 parametry kotle BENEKOV R51<\/h3>\n<p>&nbsp;<\/p>\n<table style=\"margin: 0; padding: 0; width: auto; font-size: 12px; line-height: 0.8;\" border=\"0\">\n<tbody>\n<tr>\n<td>Hmotnost<\/td>\n<td>kg<\/td>\n<td>710<\/td>\n<\/tr>\n<tr>\n<td>Obsah vodn\u00edho prostoru<\/td>\n<td>dm3<\/td>\n<td>175<\/td>\n<\/tr>\n<tr>\n<td>Pr\u016fm\u011br kou\u0159ovodu<\/td>\n<td>mm<\/td>\n<td>195<\/td>\n<\/tr>\n<tr>\n<td>Teplosm\u011bnn\u00e1 plocha kotle<\/td>\n<td>m2<\/td>\n<td>5,64<\/td>\n<\/tr>\n<tr>\n<td>Kapacita z\u00e1sobn\u00edku paliva<\/td>\n<td>dm3<\/td>\n<td>530<\/td>\n<\/tr>\n<tr>\n<td>Rozm\u011bry kotle: \u0161 x h x v<\/td>\n<td>mm<\/td>\n<td>1599x1238x1610<\/td>\n<\/tr>\n<tr>\n<td>Rozm\u011br pln\u00edc\u00edho otvoru v z\u00e1sobn\u00edku paliva<\/td>\n<td>mm<\/td>\n<td>700&#215;417<\/td>\n<\/tr>\n<tr>\n<td>T\u0159\u00edda kotle dle \u010cSN EN 303-5<\/td>\n<td><\/td>\n<td>4<\/td>\n<\/tr>\n<tr>\n<td>Pracovn\u00ed p\u0159etlak vody<\/td>\n<td>bar (kPa)<\/td>\n<td>2,0 (200)<\/td>\n<\/tr>\n<tr>\n<td>Zku\u0161ebn\u00ed p\u0159etlak vody<\/td>\n<td>bar (kPa)<\/td>\n<td>4,0 (400)<\/td>\n<\/tr>\n<tr>\n<td>Doporu\u010den\u00e1 provozn\u00ed teplota topn\u00e9 vody<\/td>\n<td>\u00b0C<\/td>\n<td>65 &#8211; 80<\/td>\n<\/tr>\n<tr>\n<td>Nejmen\u0161\u00ed teplota vstupn\u00ed vody<\/td>\n<td>\u00b0C<\/td>\n<td>60<\/td>\n<\/tr>\n<tr>\n<td><strong>Hydraulick\u00e1 ztr\u00e1ta kotle<\/strong><\/td>\n<td><\/td>\n<td><\/td>\n<\/tr>\n<tr>\n<td>\u2206 T = 10 K<\/td>\n<td>mbar<\/td>\n<td>8<\/td>\n<\/tr>\n<tr>\n<td>\u2206 T = 20 K<\/td>\n<td>mbar<\/td>\n<td>2<\/td>\n<\/tr>\n<tr>\n<td>Hladina hluku<\/td>\n<td>dB<\/td>\n<td>&lt; 46 +,- 3 dB (A)<\/td>\n<\/tr>\n<tr>\n<td>Kom\u00ednov\u00fd tah<\/td>\n<td>mbar<\/td>\n<td>0,20 \u2013 0,25<\/td>\n<\/tr>\n<tr>\n<td><strong>P\u0159\u00edpojky kotle<\/strong><\/td>\n<td><\/td>\n<td><\/td>\n<\/tr>\n<tr>\n<td>&#8211; topn\u00e1 voda<\/td>\n<td>Js<\/td>\n<td>G 6\/4\u201d<\/td>\n<\/tr>\n<tr>\n<td>&#8211; vratn\u00e1 voda<\/td>\n<td>Js<\/td>\n<td>G 6\/4\u201d<\/td>\n<\/tr>\n<tr>\n<td>P\u0159ipojovac\u00ed nap\u011bt\u00ed<\/td>\n<td><\/td>\n<td>1 PEN ~ 50 Hz 230 V<\/td>\n<\/tr>\n<tr>\n<td>Max. el. p\u0159\u00edkon (ventil\u00e1tor + pohon)<\/td>\n<td>W<\/td>\n<td>69<\/td>\n<\/tr>\n<tr>\n<td>Elektrick\u00e9 kryt\u00ed<\/td>\n<td><\/td>\n<td>IP 20<\/td>\n<\/tr>\n<\/tbody>\n<\/table>\n","protected":false},"excerpt":{"rendered":"<p>automatick\u00fd kotel na pelety 4. t\u0159\u00eddy o v\u00fdkonu 49 kW Jmenovit\u00fd v\u00fdkon 49 kW Hmotnost 710 kg Obsah z\u00e1sobn\u00edku paliva 450 l \u00da\u010dinnost &lt; 91 % T\u0159\u00edda kotle dle normy \u010cSN EN 303-5 4 P\u0159\u00edkon 69 W SVT \u00a0\u00a0\u00a0\u00a0 \u00a0\u00a0 P\u0159ednosti kotle Kotel BENEKOV R51 je ur\u010den pro spalov\u00e1n\u00ed d\u0159evn\u00edch pelet pro vyt\u00e1p\u011bn\u00ed v\u011bt\u0161\u00edch objekt\u016f. &hellip; <a href=\"https:\/\/montazkotlu.schiedek.cz\/?page_id=421\" class=\"more-link\">Pokra\u010dov\u00e1n\u00ed textu <span class=\"screen-reader-text\">BENEKOV R51<\/span> <span class=\"meta-nav\">&rarr;<\/span><\/a><\/p>\n","protected":false},"author":1,"featured_media":0,"parent":0,"menu_order":0,"comment_status":"closed","ping_status":"closed","template":"","meta":[],"_links":{"self":[{"href":"https:\/\/montazkotlu.schiedek.cz\/index.php?rest_route=\/wp\/v2\/pages\/421"}],"collection":[{"href":"https:\/\/montazkotlu.schiedek.cz\/index.php?rest_route=\/wp\/v2\/pages"}],"about":[{"href":"https:\/\/montazkotlu.schiedek.cz\/index.php?rest_route=\/wp\/v2\/types\/page"}],"author":[{"embeddable":true,"href":"https:\/\/montazkotlu.schiedek.cz\/index.php?rest_route=\/wp\/v2\/users\/1"}],"replies":[{"embeddable":true,"href":"https:\/\/montazkotlu.schiedek.cz\/index.php?rest_route=%2Fwp%2Fv2%2Fcomments&post=421"}],"version-history":[{"count":4,"href":"https:\/\/montazkotlu.schiedek.cz\/index.php?rest_route=\/wp\/v2\/pages\/421\/revisions"}],"predecessor-version":[{"id":485,"href":"https:\/\/montazkotlu.schiedek.cz\/index.php?rest_route=\/wp\/v2\/pages\/421\/revisions\/485"}],"wp:attachment":[{"href":"https:\/\/montazkotlu.schiedek.cz\/index.php?rest_route=%2Fwp%2Fv2%2Fmedia&parent=421"}],"curies":[{"name":"wp","href":"https:\/\/api.w.org\/{rel}","templated":true}]}}