{"id":503,"date":"2015-08-25T15:27:27","date_gmt":"2015-08-25T14:27:27","guid":{"rendered":"http:\/\/montazkotlu.benekov.com\/?page_id=503"},"modified":"2017-03-08T11:26:11","modified_gmt":"2017-03-08T10:26:11","slug":"kotle-na-uhli-a-pelety-5-tridy","status":"publish","type":"page","link":"https:\/\/montazkotlu.schiedek.cz\/?page_id=503","title":{"rendered":"Kotle na uhl\u00ed a pelety 5+ t\u0159\u00eddy"},"content":{"rendered":"<ul>\n<li><a title=\"BENEKOV C27\" href=\"http:\/\/montazkotlu.benekov.com\/?page_id=506\">BENEKOV C27 (25 kW)<\/a><\/li>\n<\/ul>\n<ul>\n<li><a title=\"BENEKOV C17\" href=\"http:\/\/montazkotlu.benekov.com\/?page_id=593\">BENEKOV C17 (19 kW)<\/a><\/li>\n<\/ul>\n<ul>\n<li><a title=\"BENEKOV B20\" href=\"http:\/\/montazkotlu.benekov.com\/?page_id=603\">BENEKOV B20 (19 kW)<\/a><\/li>\n<\/ul>\n","protected":false},"excerpt":{"rendered":"<p>BENEKOV C27 (25 kW) BENEKOV C17 (19 kW) BENEKOV B20 (19 kW)<\/p>\n","protected":false},"author":1,"featured_media":0,"parent":0,"menu_order":0,"comment_status":"closed","ping_status":"closed","template":"","meta":[],"_links":{"self":[{"href":"https:\/\/montazkotlu.schiedek.cz\/index.php?rest_route=\/wp\/v2\/pages\/503"}],"collection":[{"href":"https:\/\/montazkotlu.schiedek.cz\/index.php?rest_route=\/wp\/v2\/pages"}],"about":[{"href":"https:\/\/montazkotlu.schiedek.cz\/index.php?rest_route=\/wp\/v2\/types\/page"}],"author":[{"embeddable":true,"href":"https:\/\/montazkotlu.schiedek.cz\/index.php?rest_route=\/wp\/v2\/users\/1"}],"replies":[{"embeddable":true,"href":"https:\/\/montazkotlu.schiedek.cz\/index.php?rest_route=%2Fwp%2Fv2%2Fcomments&post=503"}],"version-history":[{"count":6,"href":"https:\/\/montazkotlu.schiedek.cz\/index.php?rest_route=\/wp\/v2\/pages\/503\/revisions"}],"predecessor-version":[{"id":611,"href":"https:\/\/montazkotlu.schiedek.cz\/index.php?rest_route=\/wp\/v2\/pages\/503\/revisions\/611"}],"wp:attachment":[{"href":"https:\/\/montazkotlu.schiedek.cz\/index.php?rest_route=%2Fwp%2Fv2%2Fmedia&parent=503"}],"curies":[{"name":"wp","href":"https:\/\/api.w.org\/{rel}","templated":true}]}}