{"id":506,"date":"2015-08-25T15:29:56","date_gmt":"2015-08-25T14:29:56","guid":{"rendered":"http:\/\/montazkotlu.benekov.com\/?page_id=506"},"modified":"2020-03-31T17:47:27","modified_gmt":"2020-03-31T16:47:27","slug":"benekov-c27","status":"publish","type":"page","link":"https:\/\/montazkotlu.schiedek.cz\/?page_id=506","title":{"rendered":"BENEKOV C27 Extra"},"content":{"rendered":"<p><strong> <a href=\"http:\/\/montazkotlu.benekov.com\/wp-content\/uploads\/2014\/03\/BENEKOV_C26_ECONOMIX_Pohled_01____2013_09_211.png\"><img decoding=\"async\" loading=\"lazy\" class=\"alignleft size-medium wp-image-318\" src=\"http:\/\/montazkotlu.benekov.com\/wp-content\/uploads\/2014\/03\/BENEKOV_C26_ECONOMIX_Pohled_01____2013_09_211-300x240.png\" alt=\"BENEKOV_C26_ECONOMIX_Pohled_01____2013_09_21\" width=\"300\" height=\"240\" srcset=\"https:\/\/montazkotlu.schiedek.cz\/wp-content\/uploads\/2014\/03\/BENEKOV_C26_ECONOMIX_Pohled_01____2013_09_211-300x240.png 300w, https:\/\/montazkotlu.schiedek.cz\/wp-content\/uploads\/2014\/03\/BENEKOV_C26_ECONOMIX_Pohled_01____2013_09_211-1024x819.png 1024w, https:\/\/montazkotlu.schiedek.cz\/wp-content\/uploads\/2014\/03\/BENEKOV_C26_ECONOMIX_Pohled_01____2013_09_211.png 1500w\" sizes=\"(max-width: 300px) 100vw, 300px\" \/><\/a><a href=\"http:\/\/montazkotlu.benekov.com\/wp-content\/uploads\/2014\/03\/BENEKOV_C26_ECONOMIX_Pohled_03____2013_09_211.png\"><img decoding=\"async\" loading=\"lazy\" class=\"alignright size-medium wp-image-317\" src=\"http:\/\/montazkotlu.benekov.com\/wp-content\/uploads\/2014\/03\/BENEKOV_C26_ECONOMIX_Pohled_03____2013_09_211-300x240.png\" alt=\"BENEKOV_C26_ECONOMIX_Pohled_03____2013_09_21\" width=\"300\" height=\"240\" srcset=\"https:\/\/montazkotlu.schiedek.cz\/wp-content\/uploads\/2014\/03\/BENEKOV_C26_ECONOMIX_Pohled_03____2013_09_211-300x240.png 300w, https:\/\/montazkotlu.schiedek.cz\/wp-content\/uploads\/2014\/03\/BENEKOV_C26_ECONOMIX_Pohled_03____2013_09_211-1024x819.png 1024w, https:\/\/montazkotlu.schiedek.cz\/wp-content\/uploads\/2014\/03\/BENEKOV_C26_ECONOMIX_Pohled_03____2013_09_211.png 1500w\" sizes=\"(max-width: 300px) 100vw, 300px\" \/><\/a>automatick\u00fd kotel na uhl\u00ed a pelety 5. t\u0159\u00eddy spl\u0148uj\u00edc\u00ed sm\u011brnici o ekodesignu o v\u00fdkonu 25 kW<br \/>\n<\/strong><\/p>\n<table style=\"margin: 0; padding: 0; width: auto; font-size: 12px; line-height: 0.8;\">\n<tbody>\n<tr>\n<td>Jmenovit\u00fd v\u00fdkon<\/td>\n<td>25 kW<\/td>\n<\/tr>\n<tr>\n<td>Hmotnost<\/td>\n<td>425 kg<\/td>\n<\/tr>\n<tr>\n<td>Obsah z\u00e1sobn\u00edku paliva<\/td>\n<td>330 l<\/td>\n<\/tr>\n<tr>\n<td>\u00da\u010dinnost<\/td>\n<td>95.5 %<\/td>\n<\/tr>\n<tr>\n<td>T\u0159\u00edda kotle dle normy \u010cSN EN 303-5<\/td>\n<td>5 \u2013 pelety, 4 \u2013 uhl\u00ed<\/td>\n<\/tr>\n<tr>\n<td>P\u0159\u00edkon<\/td>\n<td>35 W<\/td>\n<\/tr>\n<tr>\n<td>SVT<\/td>\n<td>SVT20001<\/td>\n<\/tr>\n<tr>\n<td colspan=\"2\" align=\"center\"><span style=\"color: #0000ff;\"><a style=\"color: #0000ff;\" href=\"http:\/\/montazkotlu.benekov.com\/?page_id=522\">Cenov\u00fd kalkul\u00e1tor instalace kotle<\/a><\/span><\/td>\n<\/tr>\n<\/tbody>\n<\/table>\n<h3>P\u0159ednosti kotle<\/h3>\n<ul>\n<li>Kotel BENEKOV C27 lze pou\u017e\u00edt pro vyt\u00e1p\u011bn\u00ed rodinn\u00fdch dom\u016f, kancel\u00e1\u0159sk\u00fdch budov a jin\u00fdch objekt\u016f jejich\u017e n\u00e1ro\u010dnost na tepeln\u00fd v\u00fdkon nep\u0159esahuje 25 kW.<\/li>\n<li>Prvn\u00ed \u010desk\u00fd automatick\u00fd kotel na uhl\u00ed v 5. t\u0159\u00edd\u011b dle \u010cSN EN 303-5:2013<\/li>\n<li>Prvn\u00ed \u010desk\u00fd automatick\u00fd kotel na uhl\u00ed spl\u0148uj\u00edc\u00ed parametry Ekodesignu.<\/li>\n<li>V z\u00e1kladn\u00ed v\u00fdbav\u011b je kotel vybaven \u0159\u00edd\u00edc\u00ed jednotkou s modulac\u00ed v\u00fdkonu a ekvitermn\u00ed regulac\u00ed. Ty \u0161et\u0159\u00ed a\u017e 15 % n\u00e1klad\u016f na palivo, zejm\u00e9na v p\u0159echodov\u00e9m obdob\u00ed jaro a podzim.<\/li>\n<li>Certifikovan\u00fdmi palivy jsou hn\u011bd\u00e9 uhl\u00ed o\u0159ech 2 a d\u0159evn\u00ed pelety. U obou paliv kotel d\u00edky modulaci v\u00fdkonu dosahuje vynikaj\u00edc\u00ed \u00fa\u010dinnost nad 90 % v cel\u00e9m rozsahu v\u00fdkonu.<\/li>\n<li>Mechanick\u00fd p\u0159\u00edsun paliva z vestav\u011bn\u00e9ho z\u00e1sobn\u00edku do spalovac\u00ed komory.<\/li>\n<li>Jednoduch\u00e1, \u010dasov\u011b nen\u00e1ro\u010dn\u00e1 obsluha a \u00fadr\u017eba.<\/li>\n<li>N\u00edzk\u00e9 provozn\u00ed n\u00e1klady.<\/li>\n<li>3 &#8211; tahov\u00e1 konstrukce v\u00fdm\u011bn\u00edku zaru\u010duj\u00edc\u00ed vysokou \u00fa\u010dinnost.<\/li>\n<li><strong>Kotle ve verzi &#8222;Extra&#8220; s \u0159\u00edd\u00edc\u00ed jednotkou SIEMENS jsou dod\u00e1v\u00e1ny v\u010detn\u011b druh\u00e9ho popeln\u00edku pro pohodln\u00e9 vyn\u00e1\u0161en\u00ed popela, n\u00e1hradn\u00edho t\u011bsn\u011bn\u00ed \u010dist\u00edc\u00edho v\u00ed\u010dka sm\u011b\u0161ova\u010de, r\u00e1\u010dnov\u00fdm kl\u00ed\u010dem \u010d. 13 a 17 pro \u010di\u0161t\u011bn\u00ed kotle, dr\u017e\u00e1kem hr\u00e1bla, kl\u00ed\u010de, rukavic na kotli, SD kartou a programem &#8222;BENEKOV Historix&#8220; pro zp\u011btnou anal\u00fdzu funkce kotle (zapisuje na SD kartu m\u011bn\u00edc\u00ed se hodnoty kotle a tuto historii pak dok\u00e1\u017ee zobrazit v grafu).<\/strong><\/li>\n<li>Ve verzi PREMIUM z\u00e1kladn\u00ed v\u00fdbava neobsahuje designov\u00e9 dve\u0159e kotlov\u00e9ho t\u011blesa. Verze EXCLUSIVE obsahuje designov\u00e9 kryc\u00ed dve\u0159e kotlov\u00e9ho t\u011blesa a z\u00e1rove\u0148 umo\u017e\u0148uje vzd\u00e1len\u00fd p\u0159\u00edstup ke kotli p\u0159es Internet.<\/li>\n<li>\u0158\u00edd\u00edc\u00ed jednotka umo\u017e\u0148uje ovl\u00e1d\u00e1n\u00ed 2 topn\u00fdch okruh\u016f a ovl\u00e1d\u00e1n\u00ed bojleru.<\/li>\n<li>Ke kotl\u016fm t\u00e9to \u0159ady lze na p\u0159\u00e1n\u00ed dokoupit \u0161irokou \u0161k\u00e1lu p\u0159\u00eddavn\u00fdch za\u0159\u00edzen\u00ed jako jsou: odpopel\u0148ova\u010d, automatick\u00e9 \u010di\u0161t\u011bn\u00ed v\u00fdm\u011bn\u00edku, z\u00e1lo\u017en\u00ed zdroje, kom\u00ednovou klapku atd.<\/li>\n<li>Z\u00e1ruka 5 let.<\/li>\n<\/ul>\n<h3>Provoz kotle<\/h3>\n<p>Kotel je t\u0159eba obsluhovat v pr\u016fm\u011bru 10 minut denn\u011b. Z\u00e1sobn\u00edk paliva umo\u017e\u0148uje bezobslu\u017en\u00fd provoz obvykle po dobu 2 a\u017e 4 dn\u016f.<\/p>\n<p>Na ja\u0159e a na podzim je mo\u017eno p\u0159ikl\u00e1dat jednou za 3 a\u017e 7 dn\u016f, v z\u00e1vislosti na po\u017eadovan\u00e9 teplot\u011b v objektu, pou\u017eit\u00e9m palivu atd.<\/p>\n<p>Popel je nutno vyn\u00e1\u0161et jednou za 2 a\u017e 4 dny, v z\u00e1vislosti na kvalit\u011b pou\u017eit\u00e9ho paliva, intenzit\u011b vyt\u00e1p\u011bn\u00ed atd.<\/p>\n<p>Stejn\u011b jako u dal\u0161\u00edch na\u0161ich v\u00fdrobk\u016f, bezpe\u010dn\u00fd provoz kotle zaji\u0161\u0165uje havarijn\u00ed termostat, slou\u017e\u00edc\u00ed k ochran\u011b otopn\u00e9ho syst\u00e9mu proti p\u0159eh\u0159\u00e1t\u00ed. Motor \u0161nekov\u00e9ho pod\u00e1vac\u00edho za\u0159\u00edzen je proti p\u0159et\u00ed\u017een\u00ed vybaven termo-pojistkou. Tavn\u00e1 tepeln\u00e1 pojistka zabezpe\u010duje kotel proti proho\u0159en\u00ed paliva do z\u00e1sobn\u00edku paliva p\u0159i v\u00fdpadku elektrick\u00e9ho proudu na del\u0161\u00ed dobu.<\/p>\n<h3>Mo\u017enosti zapojen\u00ed<\/h3>\n<p>Nej\u010dast\u011bj\u0161\u00ed hydraulick\u00e9 zapojen\u00ed je varianta \u010d. 14 Technick\u00fdch podklad\u016f k instalac\u00edm kotl\u016f BENEKOV &#8211; servopohonem ovl\u00e1dan\u00fd \u010dty\u0159cestn\u00fd ventil zaji\u0161\u0165uj\u00edc\u00ed ochranu zp\u00e1te\u010dky kotle p\u0159ed n\u00edzkoteplotn\u00ed koroz\u00ed i sm\u011b\u0161ovac\u00ed funkci do syst\u00e9mu. Toto zapojen\u00ed se pou\u017e\u00edv\u00e1 p\u0159i jednom topn\u00e9m okruhu. Pokud je po\u017eadavek na dva nez\u00e1visl\u00e9 topn\u00e9 okruhy (nej\u010dast\u011bji jeden okruh pro radi\u00e1tory a druh\u00fd okruh pro podlahov\u00e9 topen\u00ed), tak se pou\u017e\u00edv\u00e1 zapojen\u00ed \u010d. 12.<\/p>\n<h3>Rozm\u011bry a technick\u00e9 parametry kotle BENEKOV C27<\/h3>\n<table style=\"margin: 0; padding: 0; width: auto; font-size: 12px; line-height: 0.8;\" border=\"0\">\n<tbody>\n<tr>\n<td>Hmotnost<\/td>\n<td>kg<\/td>\n<td>425<\/td>\n<\/tr>\n<tr>\n<td>Obsah vodn\u00edho prostoru<\/td>\n<td>dm3<\/td>\n<td>89<\/td>\n<\/tr>\n<tr>\n<td>Pr\u016fm\u011br kou\u0159ovodu<\/td>\n<td>mm<\/td>\n<td>145<\/td>\n<\/tr>\n<tr>\n<td>Teplosm\u011bnn\u00e1 plocha kotle<\/td>\n<td>m2<\/td>\n<td>2,84<\/td>\n<\/tr>\n<tr>\n<td>Kapacita z\u00e1sobn\u00edku paliva<\/td>\n<td>dm3<\/td>\n<td>330<\/td>\n<\/tr>\n<tr>\n<td>Rozm\u011bry kotle: \u0161 x h x v<\/td>\n<td>mm<\/td>\n<td>1279x1036x1490<\/td>\n<\/tr>\n<tr>\n<td>Rozm\u011br pln\u00edc\u00edho otvoru v z\u00e1sobn\u00edku paliva<\/td>\n<td>mm<\/td>\n<td>600&#215;340<\/td>\n<\/tr>\n<tr>\n<td>T\u0159\u00edda kotle dle \u010cSN EN 303-5<\/td>\n<td><\/td>\n<td>5<\/td>\n<\/tr>\n<tr>\n<td>Pracovn\u00ed p\u0159etlak vody<\/td>\n<td>bar (kPa)<\/td>\n<td>2,0 (200)<\/td>\n<\/tr>\n<tr>\n<td>Zku\u0161ebn\u00ed p\u0159etlak vody<\/td>\n<td>bar (kPa)<\/td>\n<td>4,0 (400)<\/td>\n<\/tr>\n<tr>\n<td>Doporu\u010den\u00e1 provozn\u00ed teplota topn\u00e9 vody<\/td>\n<td>\u00b0C<\/td>\n<td>65 &#8211; 80<\/td>\n<\/tr>\n<tr>\n<td>Nejmen\u0161\u00ed teplota vstupn\u00ed vody<\/td>\n<td>\u00b0C<\/td>\n<td>60<\/td>\n<\/tr>\n<tr>\n<td><strong>Hydraulick\u00e1 ztr\u00e1ta kotle<\/strong><\/td>\n<td><\/td>\n<td><\/td>\n<\/tr>\n<tr>\n<td>\u2206 T = 10 K<\/td>\n<td>mbar<\/td>\n<td>16<\/td>\n<\/tr>\n<tr>\n<td>\u2206 T = 20 K<\/td>\n<td>mbar<\/td>\n<td>4<\/td>\n<\/tr>\n<tr>\n<td>Hladina hluku<\/td>\n<td>dB<\/td>\n<td>&lt; 46 +,- 3 dB (A)<\/td>\n<\/tr>\n<tr>\n<td>Kom\u00ednov\u00fd tah<\/td>\n<td>mbar<\/td>\n<td>0,15 \u2013 0,20<\/td>\n<\/tr>\n<tr>\n<td><strong>P\u0159\u00edpojky kotle<\/strong><\/td>\n<td><\/td>\n<td><\/td>\n<\/tr>\n<tr>\n<td>&#8211; topn\u00e1 voda<\/td>\n<td>Js<\/td>\n<td>G 1\u201d<\/td>\n<\/tr>\n<tr>\n<td>&#8211; vratn\u00e1 voda<\/td>\n<td>Js<\/td>\n<td>G 1\u201d<\/td>\n<\/tr>\n<tr>\n<td>P\u0159ipojovac\u00ed nap\u011bt\u00ed<\/td>\n<td><\/td>\n<td>1 PEN ~ 50 Hz 230 V<\/td>\n<\/tr>\n<tr>\n<td>Max. el. p\u0159\u00edkon (ventil\u00e1tor + pohon)<\/td>\n<td>W<\/td>\n<td>35<\/td>\n<\/tr>\n<tr>\n<td>Elektrick\u00e9 kryt\u00ed<\/td>\n<td><\/td>\n<td>IP 20<\/td>\n<\/tr>\n<\/tbody>\n<\/table>\n","protected":false},"excerpt":{"rendered":"<p>automatick\u00fd kotel na uhl\u00ed a pelety 5. t\u0159\u00eddy spl\u0148uj\u00edc\u00ed sm\u011brnici o ekodesignu o v\u00fdkonu 25 kW Jmenovit\u00fd v\u00fdkon 25 kW Hmotnost 425 kg Obsah z\u00e1sobn\u00edku paliva 330 l \u00da\u010dinnost 95.5 % T\u0159\u00edda kotle dle normy \u010cSN EN 303-5 5 \u2013 pelety, 4 \u2013 uhl\u00ed P\u0159\u00edkon 35 W SVT SVT20001 Cenov\u00fd kalkul\u00e1tor instalace kotle P\u0159ednosti kotle &hellip; <a href=\"https:\/\/montazkotlu.schiedek.cz\/?page_id=506\" class=\"more-link\">Pokra\u010dov\u00e1n\u00ed textu <span class=\"screen-reader-text\">BENEKOV C27 Extra<\/span> <span class=\"meta-nav\">&rarr;<\/span><\/a><\/p>\n","protected":false},"author":1,"featured_media":0,"parent":0,"menu_order":0,"comment_status":"closed","ping_status":"closed","template":"","meta":[],"_links":{"self":[{"href":"https:\/\/montazkotlu.schiedek.cz\/index.php?rest_route=\/wp\/v2\/pages\/506"}],"collection":[{"href":"https:\/\/montazkotlu.schiedek.cz\/index.php?rest_route=\/wp\/v2\/pages"}],"about":[{"href":"https:\/\/montazkotlu.schiedek.cz\/index.php?rest_route=\/wp\/v2\/types\/page"}],"author":[{"embeddable":true,"href":"https:\/\/montazkotlu.schiedek.cz\/index.php?rest_route=\/wp\/v2\/users\/1"}],"replies":[{"embeddable":true,"href":"https:\/\/montazkotlu.schiedek.cz\/index.php?rest_route=%2Fwp%2Fv2%2Fcomments&post=506"}],"version-history":[{"count":7,"href":"https:\/\/montazkotlu.schiedek.cz\/index.php?rest_route=\/wp\/v2\/pages\/506\/revisions"}],"predecessor-version":[{"id":725,"href":"https:\/\/montazkotlu.schiedek.cz\/index.php?rest_route=\/wp\/v2\/pages\/506\/revisions\/725"}],"wp:attachment":[{"href":"https:\/\/montazkotlu.schiedek.cz\/index.php?rest_route=%2Fwp%2Fv2%2Fmedia&parent=506"}],"curies":[{"name":"wp","href":"https:\/\/api.w.org\/{rel}","templated":true}]}}