{"id":583,"date":"2016-11-14T14:43:50","date_gmt":"2016-11-14T13:43:50","guid":{"rendered":"http:\/\/montazkotlu.benekov.com\/?page_id=583"},"modified":"2019-02-10T12:20:06","modified_gmt":"2019-02-10T11:20:06","slug":"kontrola-technickeho-stavu-kotle-revize","status":"publish","type":"page","link":"https:\/\/montazkotlu.schiedek.cz\/?page_id=583","title":{"rendered":"Kontrola technick\u00e9ho stavu kotle na tuh\u00e1 paliva (revize)"},"content":{"rendered":"<p>Do 31. 12. 2016 maj\u00ed v\u0161ichni vlastn\u00edci kotl\u016f na tuh\u00e1 paliva o jmenovit\u00e9m tepeln\u00e9m p\u0159\u00edkonu 10-300 kW povinnost prov\u00e9st kontrolu technick\u00e9ho stavu kotle technikem pro\u0161kolen\u00fdm v\u00fdrobcem kotle s pat\u0159i\u010dn\u00fdm opr\u00e1vn\u011bn\u00edm. Hlavn\u00edmi z\u00e1m\u011bry tohoto z\u00e1kona je jednak omezit spalov\u00e1n\u00ed odpadk\u016f a nepovolen\u00fdch paliv v kotl\u00edch a jednak jak\u00e1si osv\u011bta, jak l\u00e9pe a ekologi\u010dt\u011bji topit tuh\u00fdmi palivy.<\/p>\n<p>Prvn\u00ed z\u00e1m\u011br je diskutabiln\u00ed nebo\u0165 &#8222;\u010dmoudil&#8220;, jak jej popisuje ministr \u017eivotn\u00edho prost\u0159ed\u00ed revizi bez probl\u00e9mu dostane, pokud si \u0159\u00e1dn\u011b vy\u010dist\u00ed kotel a odpadky\/nepovolen\u00e9 palivo p\u0159ed n\u00e1v\u0161t\u011bvou opr\u00e1vn\u011bn\u00e9ho technika schov\u00e1.<\/p>\n<p>Druh\u00fd z\u00e1m\u011br je zase z\u00e1visl\u00fd na odborn\u00e9 \u00farovni technika, tak\u017ee spolehliv\u011bj\u0161\u00ed volbou je nasm\u011brovat u\u017eivatele kotle na webov\u00e9 str\u00e1nky &#8222;prof\u00edka&#8220;: <a href=\"http:\/\/vec.vsb.cz\/smokeman\">http:\/\/vec.vsb.cz\/smokeman<\/a><\/p>\n<p>Bohu\u017eel \u00fa\u0159edn\u00edci cht\u011bj\u00ed &#8222;lejstro&#8220; a zda u\u017eivatel kotle zn\u00e1 &#8222;smokemanovo desatero&#8220; je jim jedno.<\/p>\n<p>Na za\u010d\u00e1tku listopadu 2016 prezident M. Zeman podepsal novelu z\u00e1kona o ochran\u011b \u017eivotn\u00edho prost\u0159ed\u00ed, kter\u00fd dal \u00fa\u0159edn\u00edk\u016fm o mnoho v\u011bt\u0161\u00ed p\u00e1ku na boj proti \u010dmoudil\u016fm a to p\u0159\u00edm\u00fd vstup do kotelny (nejd\u0159\u00edve mus\u00ed p\u0159ij\u00edt upozorn\u011bn\u00ed). Pokud se bude tato novela uplat\u0148ovat, tak revize kotl\u016f pozbydou smyslu a zdrav\u00fd rozum by k\u00e1zal tuto povinnost zru\u0161it, ale v\u00edme jak to chod\u00ed.<\/p>\n<p>V pr\u016fb\u011bhu listopadu a prosince budu oslovovat na\u0161e instalace kotl\u016f BENEKOV a p\u0159\u00edpadn\u00e9 dal\u0161\u00ed kotelny s t\u011bmito informacemi. <strong>Budu zde d\u00e1le aktualizovat trasy v jednotliv\u00fdch dnech, kdy se do ceny revize nebude po\u010d\u00edtat cestovn\u00e9 u u\u017eivatel\u016f z obc\u00ed a m\u011bst pobl\u00ed\u017e tras.<\/strong> Cena revize je <strong>1.200,- v\u010detn\u011b 21% DPH<\/strong>. Cena za cestovn\u00e9 je:<br \/>\n&#8211; Bolatice, Borov\u00e1, Chucheln\u00e1, Kobe\u0159ice, \u0160t\u011bp\u00e1nkovice, Krava\u0159e, Doln\u00ed Bene\u0161ov <strong>zdarma<br \/>\n<\/strong>&#8211; do 10km z Bolatic<strong> 121 K\u010d v\u010detn\u011b DPH<\/strong><strong><br \/>\n<\/strong>&#8211; do 15km z Bolatic <strong>181 K\u010d v\u010detn\u011b DPH<br \/>\n<\/strong>&#8211; do 20km z Bolatic <strong>242 K\u010d v\u010detn\u011b DPH<br \/>\n<\/strong>&#8211; do 25km z Bolatic <strong>362 K\u010d v\u010detn\u011b DPH<br \/>\n<\/strong>&#8211; do 30km z Bolatic<strong> 484 K\u010d v\u010detn\u011b DPH<br \/>\n<\/strong>&#8211; nad 30km z Bolatic<strong> individ\u00e1ln\u011b<\/strong><\/p>\n<p>U\u017eivatel\u00e9 kotl\u016f, kte\u0159\u00ed ji\u017e kontrolu kotl\u016f absolvovali a dosud neobdr\u017eeli doklad o kontrole, bude tento doklad doru\u010den v\u011bt\u0161inou po\u0161tou do konce listopadu, d\u011bkuji za strpen\u00ed, prioritou je st\u00e1le teplo v dom\u011b nam\u00edsto pap\u00edrov\u00e1n\u00ed.<br \/>\n<!--\nSt\u0159eda 16.11.2016 oblast okolo obc\u00ed Pust\u00e1 Polom, Hlubo\u010dec, B\u00edlovec, Velk\u00e9 Albrechtice, Klimkovice do cca 16.00\n\n\u010ctvrtek 17.11.2016 oblast okolo Hradec nad Moravic\u00ed, Slavkov, Doln\u00ed \u017divotice, Hlavnice, Brat\u0159\u00edkovice, Opava cel\u00fd den\n\nP\u00e1tek 18.11.2016 oblast okolo Krava\u0159e, \u0160t\u00edtina, Mokr\u00e9 Lazce, H\u00e1j ve Slezsku, Velk\u00e1 Polom, D\u011bhylov, Hlu\u010d\u00edn, Ha\u0165, P\u00ed\u0161\u0165\n\nSobota 19.11.2016 oblast okolo Kobe\u0159ice, \u0160t\u011bp\u00e1nkovice, Krava\u0159e, Doln\u00ed Bene\u0161ov, Bohuslavice --><\/p>\n","protected":false},"excerpt":{"rendered":"<p>Do 31. 12. 2016 maj\u00ed v\u0161ichni vlastn\u00edci kotl\u016f na tuh\u00e1 paliva o jmenovit\u00e9m tepeln\u00e9m p\u0159\u00edkonu 10-300 kW povinnost prov\u00e9st kontrolu technick\u00e9ho stavu kotle technikem pro\u0161kolen\u00fdm v\u00fdrobcem kotle s pat\u0159i\u010dn\u00fdm opr\u00e1vn\u011bn\u00edm. Hlavn\u00edmi z\u00e1m\u011bry tohoto z\u00e1kona je jednak omezit spalov\u00e1n\u00ed odpadk\u016f a nepovolen\u00fdch paliv v kotl\u00edch a jednak jak\u00e1si osv\u011bta, jak l\u00e9pe a ekologi\u010dt\u011bji topit tuh\u00fdmi palivy. &hellip; <a href=\"https:\/\/montazkotlu.schiedek.cz\/?page_id=583\" class=\"more-link\">Pokra\u010dov\u00e1n\u00ed textu <span class=\"screen-reader-text\">Kontrola technick\u00e9ho stavu kotle na tuh\u00e1 paliva (revize)<\/span> <span class=\"meta-nav\">&rarr;<\/span><\/a><\/p>\n","protected":false},"author":1,"featured_media":0,"parent":0,"menu_order":0,"comment_status":"closed","ping_status":"closed","template":"","meta":[],"_links":{"self":[{"href":"https:\/\/montazkotlu.schiedek.cz\/index.php?rest_route=\/wp\/v2\/pages\/583"}],"collection":[{"href":"https:\/\/montazkotlu.schiedek.cz\/index.php?rest_route=\/wp\/v2\/pages"}],"about":[{"href":"https:\/\/montazkotlu.schiedek.cz\/index.php?rest_route=\/wp\/v2\/types\/page"}],"author":[{"embeddable":true,"href":"https:\/\/montazkotlu.schiedek.cz\/index.php?rest_route=\/wp\/v2\/users\/1"}],"replies":[{"embeddable":true,"href":"https:\/\/montazkotlu.schiedek.cz\/index.php?rest_route=%2Fwp%2Fv2%2Fcomments&post=583"}],"version-history":[{"count":4,"href":"https:\/\/montazkotlu.schiedek.cz\/index.php?rest_route=\/wp\/v2\/pages\/583\/revisions"}],"predecessor-version":[{"id":688,"href":"https:\/\/montazkotlu.schiedek.cz\/index.php?rest_route=\/wp\/v2\/pages\/583\/revisions\/688"}],"wp:attachment":[{"href":"https:\/\/montazkotlu.schiedek.cz\/index.php?rest_route=%2Fwp%2Fv2%2Fmedia&parent=583"}],"curies":[{"name":"wp","href":"https:\/\/api.w.org\/{rel}","templated":true}]}}