{"id":603,"date":"2017-03-08T11:20:59","date_gmt":"2017-03-08T10:20:59","guid":{"rendered":"http:\/\/montazkotlu.benekov.com\/?page_id=603"},"modified":"2019-03-15T15:30:49","modified_gmt":"2019-03-15T14:30:49","slug":"benekov-b20","status":"publish","type":"page","link":"https:\/\/montazkotlu.schiedek.cz\/?page_id=603","title":{"rendered":"BENEKOV B20"},"content":{"rendered":"<p><strong> <a href=\"http:\/\/montazkotlu.benekov.com\/?attachment_id=605\"><img decoding=\"async\" loading=\"lazy\" class=\"alignleft wp-image-605 size-medium\" src=\"http:\/\/montazkotlu.benekov.com\/wp-content\/uploads\/2017\/03\/BENEKOV_B20_1-300x225.jpg\" alt=\"\" width=\"300\" height=\"225\" srcset=\"https:\/\/montazkotlu.schiedek.cz\/wp-content\/uploads\/2017\/03\/BENEKOV_B20_1-300x225.jpg 300w, https:\/\/montazkotlu.schiedek.cz\/wp-content\/uploads\/2017\/03\/BENEKOV_B20_1.jpg 600w\" sizes=\"(max-width: 300px) 100vw, 300px\" \/><\/a><a href=\"http:\/\/montazkotlu.benekov.com\/?attachment_id=606\"><img decoding=\"async\" loading=\"lazy\" class=\"alignright wp-image-606 size-medium\" style=\"margin-right: -140px;\" src=\"http:\/\/montazkotlu.benekov.com\/wp-content\/uploads\/2017\/03\/BENEKOV_B20_2-300x225.jpg\" alt=\"\" width=\"300\" height=\"225\" srcset=\"https:\/\/montazkotlu.schiedek.cz\/wp-content\/uploads\/2017\/03\/BENEKOV_B20_2-300x225.jpg 300w, https:\/\/montazkotlu.schiedek.cz\/wp-content\/uploads\/2017\/03\/BENEKOV_B20_2-768x576.jpg 768w, https:\/\/montazkotlu.schiedek.cz\/wp-content\/uploads\/2017\/03\/BENEKOV_B20_2-1024x768.jpg 1024w, https:\/\/montazkotlu.schiedek.cz\/wp-content\/uploads\/2017\/03\/BENEKOV_B20_2.jpg 1920w\" sizes=\"(max-width: 300px) 100vw, 300px\" \/><\/a>automatick\u00fd kotel na uhl\u00ed a pelety spl\u0148uj\u00edc\u00ed sm\u011brnici o ekodesignu o v\u00fdkonu 19 kW<br \/>\n<\/strong><\/p>\n<table style=\"margin: 0; padding: 0; width: auto; font-size: 12px; line-height: 0.8;\">\n<tbody>\n<tr>\n<td>Jmenovit\u00fd v\u00fdkon<\/td>\n<td>19 kW<\/td>\n<\/tr>\n<tr>\n<td>Hmotnost<\/td>\n<td>335 kg<\/td>\n<\/tr>\n<tr>\n<td>Obsah z\u00e1sobn\u00edku paliva<\/td>\n<td>280 l<\/td>\n<\/tr>\n<tr>\n<td>\u00da\u010dinnost<\/td>\n<td>a\u017e 92 %<\/td>\n<\/tr>\n<tr>\n<td>T\u0159\u00edda kotle dle normy \u010cSN EN 303-5<\/td>\n<td>5 &#8211; pelety, 4 &#8211; uhl\u00ed<\/td>\n<\/tr>\n<tr>\n<td>P\u0159\u00edkon<\/td>\n<td>33 W<\/td>\n<\/tr>\n<tr>\n<td>SVT<\/td>\n<td>SVT21495<\/td>\n<\/tr>\n<tr>\n<td colspan=\"2\" align=\"center\"><span style=\"color: #0000ff;\"><a style=\"color: #0000ff;\" href=\"http:\/\/montazkotlu.benekov.com\/?page_id=522\">Cenov\u00fd kalkul\u00e1tor instalace kotle<\/a><\/span><\/td>\n<\/tr>\n<\/tbody>\n<\/table>\n<h3>P\u0159ednosti kotle<\/h3>\n<ul>\n<li>Kotel BENEKOV B20 lze pou\u017e\u00edt pro vyt\u00e1p\u011bn\u00ed rodinn\u00fdch dom\u016f a jin\u00fdch objekt\u016f jejich\u017e n\u00e1ro\u010dnost na tepeln\u00fd v\u00fdkon nep\u0159esahuje 19 kW.<\/li>\n<li>\u010cesk\u00fd automatick\u00fd kotel na uhl\u00ed spl\u0148uj\u00edc\u00ed parametry Ekodesignu.<\/li>\n<li>V z\u00e1kladn\u00ed v\u00fdbav\u011b je kotel vybaven \u0159\u00edd\u00edc\u00ed jednotkou s pevn\u011b nastaven\u00fdm v\u00fdkonem a ekvitermn\u00ed regulac\u00ed. Ty \u0161et\u0159\u00ed a\u017e 15 % n\u00e1klad\u016f na palivo, zejm\u00e9na v p\u0159echodov\u00e9m obdob\u00ed jaro a podzim.<\/li>\n<li>Certifikovan\u00fdmi palivy jsou hn\u011bd\u00e9 uhl\u00ed o\u0159ech 2 a d\u0159evn\u00ed pelety. U obou paliv kotel d\u00edky modulaci v\u00fdkonu dosahuje vynikaj\u00edc\u00ed \u00fa\u010dinnost nad 90 % v cel\u00e9m rozsahu v\u00fdkonu.<\/li>\n<li>Mechanick\u00fd p\u0159\u00edsun paliva z vestav\u011bn\u00e9ho z\u00e1sobn\u00edku do spalovac\u00ed komory.<\/li>\n<li>Jednoduch\u00e1, \u010dasov\u011b nen\u00e1ro\u010dn\u00e1 obsluha a \u00fadr\u017eba.<\/li>\n<li>N\u00edzk\u00e9 provozn\u00ed n\u00e1klady.<\/li>\n<li>3 &#8211; tahov\u00e1 konstrukce v\u00fdm\u011bn\u00edku zaru\u010duj\u00edc\u00ed vysokou \u00fa\u010dinnost.<\/li>\n<li>\u0158\u00edd\u00edc\u00ed jednotka umo\u017e\u0148uje ovl\u00e1d\u00e1n\u00ed 1 topn\u00e9ho okruhu a ovl\u00e1d\u00e1n\u00ed bojleru.<\/li>\n<li><span style=\"color: #ff0000;\">Ke kotl\u016fm t\u00e9to \u0159ady lze na p\u0159\u00e1n\u00ed dokoupit ovl\u00e1d\u00e1n\u00ed p\u0159es internet (ecoNET BN &#8211; 4.600,- s DPH)<\/span><\/li>\n<li>Z\u00e1ruka 5 let.<\/li>\n<li><strong>Tento kotel je levnou variantou vych\u00e1zej\u00edc\u00ed z kotle BENEKOV C17, polsk\u00e1 \u0159\u00edd\u00edc\u00ed jednotka oproti Siemensu um\u00ed pouze jeden topn\u00fd okruh, nereguluje v\u00fdkon kotle &#8211; jede s pevn\u011b nastaven\u00fdm v\u00fdkonem, m\u00e1 o 50l men\u0161\u00ed n\u00e1sypku,&nbsp; nem\u00e1 zvl\u00e1\u0161\u0165 dv\u00ed\u0159ka pro popeln\u00edk, neumo\u017e\u0148uje nahr\u00e1vat si historii na SD kartu, nem\u00e1 designov\u00e9 kryty a neumo\u017e\u0148uje pou\u017e\u00edt p\u0159\u00eddavn\u00e9 za\u0159\u00edzen\u00ed &#8211; automatick\u00e9 \u010di\u0161t\u011bn\u00ed v\u00fdm\u011bn\u00edku a odpopel\u0148ova\u010d, nem\u00e1 druh\u00fd popeln\u00edk, n\u00e1\u0159ad\u00ed pro \u00fadr\u017ebu (r\u00e1\u010dna, o\u0159echy 13 a 17)<\/strong><\/li>\n<\/ul>\n<h3>Provoz kotle<\/h3>\n<p>Kotel je t\u0159eba obsluhovat v pr\u016fm\u011bru 10 minut denn\u011b. Z\u00e1sobn\u00edk paliva umo\u017e\u0148uje bezobslu\u017en\u00fd provoz obvykle po dobu 4 a\u017e 7 dn\u00ed.<\/p>\n<p>Popel je nutno vyn\u00e1\u0161et jednou za 3 a\u017e 7 dn\u00ed u uhl\u00ed a 3 a\u017e 5 t\u00fddn\u016f u pelet, v z\u00e1vislosti na kvalit\u011b pou\u017eit\u00e9ho paliva, intenzit\u011b vyt\u00e1p\u011bn\u00ed atd.<\/p>\n<p>Stejn\u011b jako u dal\u0161\u00edch na\u0161ich v\u00fdrobk\u016f, bezpe\u010dn\u00fd provoz kotle zaji\u0161\u0165uje havarijn\u00ed termostat, slou\u017e\u00edc\u00ed k ochran\u011b otopn\u00e9ho syst\u00e9mu proti p\u0159eh\u0159\u00e1t\u00ed. Motor \u0161nekov\u00e9ho pod\u00e1vac\u00edho za\u0159\u00edzen je proti p\u0159et\u00ed\u017een\u00ed vybaven termo-pojistkou. Tavn\u00e1 tepeln\u00e1 pojistka zabezpe\u010duje kotel proti proho\u0159en\u00ed paliva do z\u00e1sobn\u00edku paliva p\u0159i v\u00fdpadku elektrick\u00e9ho proudu na del\u0161\u00ed dobu.<\/p>\n<h3>Mo\u017enosti zapojen\u00ed<\/h3>\n<p>Nej\u010dast\u011bj\u0161\u00ed hydraulick\u00e9 zapojen\u00ed je varianta \u010d. 16 Technick\u00fdch podklad\u016f k instalac\u00edm kotl\u016f BENEKOV &#8211; servopohonem ovl\u00e1dan\u00fd \u010dty\u0159cestn\u00fd ventil zaji\u0161\u0165uj\u00edc\u00ed ochranu zp\u00e1te\u010dky kotle p\u0159ed n\u00edzkoteplotn\u00ed koroz\u00ed i sm\u011b\u0161ovac\u00ed funkci do syst\u00e9mu.<\/p>\n<h3>Rozm\u011bry a technick\u00e9 parametry kotle BENEKOV B20<\/h3>\n<table style=\"margin: 0; padding: 0; width: auto; font-size: 12px; line-height: 0.8;\" border=\"0\">\n<tbody>\n<tr>\n<td>Hmotnost<\/td>\n<td>kg<\/td>\n<td>335<\/td>\n<\/tr>\n<tr>\n<td>Obsah vodn\u00edho prostoru<\/td>\n<td>dm3<\/td>\n<td>70<\/td>\n<\/tr>\n<tr>\n<td>Pr\u016fm\u011br kou\u0159ovodu<\/td>\n<td>mm<\/td>\n<td>145<\/td>\n<\/tr>\n<tr>\n<td>Teplosm\u011bnn\u00e1 plocha kotle<\/td>\n<td>m2<\/td>\n<td>2,16<\/td>\n<\/tr>\n<tr>\n<td>Kapacita z\u00e1sobn\u00edku paliva<\/td>\n<td>dm3<\/td>\n<td>280<\/td>\n<\/tr>\n<tr>\n<td>Rozm\u011bry kotle: \u0161 x h x v<\/td>\n<td>mm<\/td>\n<td>1289x894x1375<\/td>\n<\/tr>\n<tr>\n<td>T\u0159\u00edda kotle dle \u010cSN EN 303-5<\/td>\n<td>&nbsp;<\/td>\n<td>5 &#8211; pelety<br \/>\n4- uhl\u00ed<\/td>\n<\/tr>\n<tr>\n<td>Pracovn\u00ed p\u0159etlak vody<\/td>\n<td>bar (kPa)<\/td>\n<td>2,0 (200)<\/td>\n<\/tr>\n<tr>\n<td>Zku\u0161ebn\u00ed p\u0159etlak vody<\/td>\n<td>bar (kPa)<\/td>\n<td>4,0 (400)<\/td>\n<\/tr>\n<tr>\n<td>Doporu\u010den\u00e1 provozn\u00ed teplota topn\u00e9 vody<\/td>\n<td>\u00b0C<\/td>\n<td>65 &#8211; 80<\/td>\n<\/tr>\n<tr>\n<td>Nejmen\u0161\u00ed teplota vstupn\u00ed vody<\/td>\n<td>\u00b0C<\/td>\n<td>60<\/td>\n<\/tr>\n<tr>\n<td><strong>P\u0159\u00edpojky kotle<\/strong><\/td>\n<td>&nbsp;<\/td>\n<td>&nbsp;<\/td>\n<\/tr>\n<tr>\n<td>&#8211; topn\u00e1 voda<\/td>\n<td>Js<\/td>\n<td>G 1\u201d<\/td>\n<\/tr>\n<tr>\n<td>&#8211; vratn\u00e1 voda<\/td>\n<td>Js<\/td>\n<td>G 1\u201d<\/td>\n<\/tr>\n<tr>\n<td>P\u0159ipojovac\u00ed nap\u011bt\u00ed<\/td>\n<td>&nbsp;<\/td>\n<td>1 PEN ~ 50 Hz 230 V<\/td>\n<\/tr>\n<tr>\n<td>Max. el. p\u0159\u00edkon (ventil\u00e1tor + pohon)<\/td>\n<td>W<\/td>\n<td>33<\/td>\n<\/tr>\n<tr>\n<td>Elektrick\u00e9 kryt\u00ed<\/td>\n<td>&nbsp;<\/td>\n<td>IP 20<\/td>\n<\/tr>\n<\/tbody>\n<\/table>\n","protected":false},"excerpt":{"rendered":"<p>automatick\u00fd kotel na uhl\u00ed a pelety spl\u0148uj\u00edc\u00ed sm\u011brnici o ekodesignu o v\u00fdkonu 19 kW Jmenovit\u00fd v\u00fdkon 19 kW Hmotnost 335 kg Obsah z\u00e1sobn\u00edku paliva 280 l \u00da\u010dinnost a\u017e 92 % T\u0159\u00edda kotle dle normy \u010cSN EN 303-5 5 &#8211; pelety, 4 &#8211; uhl\u00ed P\u0159\u00edkon 33 W SVT SVT21495 Cenov\u00fd kalkul\u00e1tor instalace kotle P\u0159ednosti kotle Kotel &hellip; <a href=\"https:\/\/montazkotlu.schiedek.cz\/?page_id=603\" class=\"more-link\">Pokra\u010dov\u00e1n\u00ed textu <span class=\"screen-reader-text\">BENEKOV B20<\/span> <span class=\"meta-nav\">&rarr;<\/span><\/a><\/p>\n","protected":false},"author":1,"featured_media":0,"parent":0,"menu_order":0,"comment_status":"closed","ping_status":"closed","template":"","meta":[],"_links":{"self":[{"href":"https:\/\/montazkotlu.schiedek.cz\/index.php?rest_route=\/wp\/v2\/pages\/603"}],"collection":[{"href":"https:\/\/montazkotlu.schiedek.cz\/index.php?rest_route=\/wp\/v2\/pages"}],"about":[{"href":"https:\/\/montazkotlu.schiedek.cz\/index.php?rest_route=\/wp\/v2\/types\/page"}],"author":[{"embeddable":true,"href":"https:\/\/montazkotlu.schiedek.cz\/index.php?rest_route=\/wp\/v2\/users\/1"}],"replies":[{"embeddable":true,"href":"https:\/\/montazkotlu.schiedek.cz\/index.php?rest_route=%2Fwp%2Fv2%2Fcomments&post=603"}],"version-history":[{"count":15,"href":"https:\/\/montazkotlu.schiedek.cz\/index.php?rest_route=\/wp\/v2\/pages\/603\/revisions"}],"predecessor-version":[{"id":695,"href":"https:\/\/montazkotlu.schiedek.cz\/index.php?rest_route=\/wp\/v2\/pages\/603\/revisions\/695"}],"wp:attachment":[{"href":"https:\/\/montazkotlu.schiedek.cz\/index.php?rest_route=%2Fwp%2Fv2%2Fmedia&parent=603"}],"curies":[{"name":"wp","href":"https:\/\/api.w.org\/{rel}","templated":true}]}}