{"id":74,"date":"2014-03-17T11:05:57","date_gmt":"2014-03-17T10:05:57","guid":{"rendered":"http:\/\/montazkotlu.benekov.com\/?page_id=74"},"modified":"2016-04-26T00:01:08","modified_gmt":"2016-04-25T23:01:08","slug":"nabidka-sluzeb","status":"publish","type":"page","link":"https:\/\/montazkotlu.schiedek.cz\/?page_id=74","title":{"rendered":"NAB\u00cdDKA SLU\u017dEB"},"content":{"rendered":"<ul type=\"1\">\n<li>Kompletn\u00ed realizace kotelen, mont\u00e1\u017e kotl\u016f na uhl\u00ed nebo peletky 5. emisn\u00ed t\u0159\u00eddy<\/li>\n<li>Vy\u0159\u00edzen\u00ed &#8222;kotl\u00edkov\u00e9 dotace&#8220; zdarma<\/li>\n<li>Vodoinstala\u010dn\u00ed pr\u00e1ce &#8211; rozvody v plastu<\/li>\n<li>Rozvody kanalizac\u00ed &#8211; vnit\u0159n\u00ed (HT), venkovn\u00ed (KG)<\/li>\n<li>Vyt\u00e1p\u011bn\u00ed &#8211; rozvody v m\u011bdi p\u00e1jen\u00e9 i lisovan\u00e9, v oceli, v uhl\u00edkov\u00e9 oceli, podlahov\u00e9 vyt\u00e1p\u011bn\u00ed<\/li>\n<li>Sol\u00e1rn\u00ed syst\u00e9my &#8211; kompletn\u00ed realizace<\/li>\n<li>Plynoinstala\u010dn\u00ed rozvody &#8211; rozvody v oceli, lisovan\u00e9 m\u011bdi<\/li>\n<\/ul>\n","protected":false},"excerpt":{"rendered":"<p>Kompletn\u00ed realizace kotelen, mont\u00e1\u017e kotl\u016f na uhl\u00ed nebo peletky 5. emisn\u00ed t\u0159\u00eddy Vy\u0159\u00edzen\u00ed &#8222;kotl\u00edkov\u00e9 dotace&#8220; zdarma Vodoinstala\u010dn\u00ed pr\u00e1ce &#8211; rozvody v plastu Rozvody kanalizac\u00ed &#8211; vnit\u0159n\u00ed (HT), venkovn\u00ed (KG) Vyt\u00e1p\u011bn\u00ed &#8211; rozvody v m\u011bdi p\u00e1jen\u00e9 i lisovan\u00e9, v oceli, v uhl\u00edkov\u00e9 oceli, podlahov\u00e9 vyt\u00e1p\u011bn\u00ed Sol\u00e1rn\u00ed syst\u00e9my &#8211; kompletn\u00ed realizace Plynoinstala\u010dn\u00ed rozvody &#8211; rozvody v oceli, &hellip; <a href=\"https:\/\/montazkotlu.schiedek.cz\/?page_id=74\" class=\"more-link\">Pokra\u010dov\u00e1n\u00ed textu <span class=\"screen-reader-text\">NAB\u00cdDKA SLU\u017dEB<\/span> <span class=\"meta-nav\">&rarr;<\/span><\/a><\/p>\n","protected":false},"author":1,"featured_media":0,"parent":0,"menu_order":0,"comment_status":"closed","ping_status":"closed","template":"","meta":[],"_links":{"self":[{"href":"https:\/\/montazkotlu.schiedek.cz\/index.php?rest_route=\/wp\/v2\/pages\/74"}],"collection":[{"href":"https:\/\/montazkotlu.schiedek.cz\/index.php?rest_route=\/wp\/v2\/pages"}],"about":[{"href":"https:\/\/montazkotlu.schiedek.cz\/index.php?rest_route=\/wp\/v2\/types\/page"}],"author":[{"embeddable":true,"href":"https:\/\/montazkotlu.schiedek.cz\/index.php?rest_route=\/wp\/v2\/users\/1"}],"replies":[{"embeddable":true,"href":"https:\/\/montazkotlu.schiedek.cz\/index.php?rest_route=%2Fwp%2Fv2%2Fcomments&post=74"}],"version-history":[{"count":4,"href":"https:\/\/montazkotlu.schiedek.cz\/index.php?rest_route=\/wp\/v2\/pages\/74\/revisions"}],"predecessor-version":[{"id":566,"href":"https:\/\/montazkotlu.schiedek.cz\/index.php?rest_route=\/wp\/v2\/pages\/74\/revisions\/566"}],"wp:attachment":[{"href":"https:\/\/montazkotlu.schiedek.cz\/index.php?rest_route=%2Fwp%2Fv2%2Fmedia&parent=74"}],"curies":[{"name":"wp","href":"https:\/\/api.w.org\/{rel}","templated":true}]}}